{"id":3621,"date":"2024-12-13T11:49:12","date_gmt":"2024-12-13T03:49:12","guid":{"rendered":"https:\/\/www.bacintl.com\/?post_type=product&#038;p=3621"},"modified":"2025-02-15T15:55:13","modified_gmt":"2025-02-15T07:55:13","slug":"other-stainless-steel-products","status":"publish","type":"product","link":"https:\/\/www.bacintl.com\/fr\/other-stainless-steel-products\/","title":{"rendered":"Autres produits en acier inoxydable"},"content":{"rendered":"<p>Conforme aux normes internationales, l'ensemble de l'armoire est fabriqu\u00e9 en acier inoxydable SUS304. L'ensemble de l'armoire pr\u00e9sente une surface lisse et belle, est facile \u00e0 installer, est conforme aux normes des salles d'op\u00e9ration nationales et est pratique pour la gestion de l'\u00e9quipement.<\/p>","protected":false},"excerpt":{"rendered":"<p>These products are usually made of 304 stainless steel, which is corrosion-resistant and easy to clean.<\/p>","protected":false},"featured_media":3623,"template":"","meta":{"_acf_changed":false},"product_brand":[],"product_cat":[82],"product_tag":[],"class_list":{"0":"post-3621","1":"product","2":"type-product","3":"status-publish","4":"has-post-thumbnail","6":"product_cat-clean-room-supporting-stainless-steel-products","8":"first","9":"instock","10":"shipping-taxable","11":"product-type-simple"},"acf":[],"_links":{"self":[{"href":"https:\/\/www.bacintl.com\/fr\/wp-json\/wp\/v2\/product\/3621","targetHints":{"allow":["GET"]}}],"collection":[{"href":"https:\/\/www.bacintl.com\/fr\/wp-json\/wp\/v2\/product"}],"about":[{"href":"https:\/\/www.bacintl.com\/fr\/wp-json\/wp\/v2\/types\/product"}],"wp:featuredmedia":[{"embeddable":true,"href":"https:\/\/www.bacintl.com\/fr\/wp-json\/wp\/v2\/media\/3623"}],"wp:attachment":[{"href":"https:\/\/www.bacintl.com\/fr\/wp-json\/wp\/v2\/media?parent=3621"}],"wp:term":[{"taxonomy":"product_brand","embeddable":true,"href":"https:\/\/www.bacintl.com\/fr\/wp-json\/wp\/v2\/product_brand?post=3621"},{"taxonomy":"product_cat","embeddable":true,"href":"https:\/\/www.bacintl.com\/fr\/wp-json\/wp\/v2\/product_cat?post=3621"},{"taxonomy":"product_tag","embeddable":true,"href":"https:\/\/www.bacintl.com\/fr\/wp-json\/wp\/v2\/product_tag?post=3621"}],"curies":[{"name":"wp","href":"https:\/\/api.w.org\/{rel}","templated":true}]}}