{"id":3619,"date":"2024-12-13T11:48:15","date_gmt":"2024-12-13T03:48:15","guid":{"rendered":"https:\/\/www.bacintl.com\/?post_type=product&#038;p=3619"},"modified":"2025-02-15T15:53:28","modified_gmt":"2025-02-15T07:53:28","slug":"stainless-steel-shoe-bench","status":"publish","type":"product","link":"https:\/\/www.bacintl.com\/fr\/stainless-steel-shoe-bench\/","title":{"rendered":"Banc \u00e0 chaussures en acier inoxydable"},"content":{"rendered":"<p>Conforme aux normes internationales, l'ensemble de l'armoire est fabriqu\u00e9 en acier inoxydable SUS304. L'ensemble de l'armoire pr\u00e9sente une surface lisse et belle, est facile \u00e0 installer, est conforme aux normes des salles d'op\u00e9ration nationales et est pratique pour la gestion de l'\u00e9quipement.<\/p>","protected":false},"excerpt":{"rendered":"<p>Il peut non seulement servir d'endroit o\u00f9 les employ\u00e9s changent de chaussures, mais aussi \u00eatre con\u00e7u avec des fonctions de stockage pour permettre aux employ\u00e9s de ranger des objets personnels ou des ustensiles de nettoyage de chaussures.<\/p>","protected":false},"featured_media":3620,"template":"","meta":{"_acf_changed":false},"product_brand":[],"product_cat":[82],"product_tag":[109],"class_list":{"0":"post-3619","1":"product","2":"type-product","3":"status-publish","4":"has-post-thumbnail","6":"product_cat-clean-room-supporting-stainless-steel-products","7":"product_tag-solution-precision-manufacturing","9":"first","10":"instock","11":"shipping-taxable","12":"product-type-simple"},"acf":[],"_links":{"self":[{"href":"https:\/\/www.bacintl.com\/fr\/wp-json\/wp\/v2\/product\/3619","targetHints":{"allow":["GET"]}}],"collection":[{"href":"https:\/\/www.bacintl.com\/fr\/wp-json\/wp\/v2\/product"}],"about":[{"href":"https:\/\/www.bacintl.com\/fr\/wp-json\/wp\/v2\/types\/product"}],"wp:featuredmedia":[{"embeddable":true,"href":"https:\/\/www.bacintl.com\/fr\/wp-json\/wp\/v2\/media\/3620"}],"wp:attachment":[{"href":"https:\/\/www.bacintl.com\/fr\/wp-json\/wp\/v2\/media?parent=3619"}],"wp:term":[{"taxonomy":"product_brand","embeddable":true,"href":"https:\/\/www.bacintl.com\/fr\/wp-json\/wp\/v2\/product_brand?post=3619"},{"taxonomy":"product_cat","embeddable":true,"href":"https:\/\/www.bacintl.com\/fr\/wp-json\/wp\/v2\/product_cat?post=3619"},{"taxonomy":"product_tag","embeddable":true,"href":"https:\/\/www.bacintl.com\/fr\/wp-json\/wp\/v2\/product_tag?post=3619"}],"curies":[{"name":"wp","href":"https:\/\/api.w.org\/{rel}","templated":true}]}}