{"id":3614,"date":"2024-12-13T11:46:18","date_gmt":"2024-12-13T03:46:18","guid":{"rendered":"https:\/\/www.bacintl.com\/?post_type=product&#038;p=3614"},"modified":"2025-02-15T15:48:55","modified_gmt":"2025-02-15T07:48:55","slug":"clean-shoe-cabinet","status":"publish","type":"product","link":"https:\/\/www.bacintl.com\/fr\/clean-shoe-cabinet\/","title":{"rendered":"Nettoyer l'armoire \u00e0 chaussures"},"content":{"rendered":"<p>Cette armoire \u00e0 chaussures en acier inoxydable pr\u00e9sente d'excellentes performances \u00e9conomiques et un principe simple ; elle r\u00e9pond \u00e0 la fonction de changement de chaussures propre du personnel de la zone propre ; elle est largement utilis\u00e9e dans les semi-conducteurs micro\u00e9lectroniques, les produits biopharmaceutiques, l'a\u00e9rospatiale, les laboratoires de recherche scientifique et d'autres industries.<\/p>\n<p>L'armoire \u00e0 chaussures en acier inoxydable peut \u00eatre con\u00e7ue de mani\u00e8re flexible en fonction des diff\u00e9rents environnements de travail et des exigences en mati\u00e8re de stockage de chaussures propres ; elle peut \u00eatre configur\u00e9e avec des portes, des cloisons, une ventilation, des serrures de porte et d'autres accessoires ; elle est facile \u00e0 utiliser, avec de bonnes mesures de mise \u00e0 la terre et d'excellentes performances en mati\u00e8re de propret\u00e9.<\/p>\n<p>D\u00e9couvrez la boutique \u00e0 partir des d\u00e9tails, s\u00e9lectionnez la plaque, d\u00e9coupez la taille au laser ; soudage de pr\u00e9cision sans soudure ; polissage tridimensionnel avec une grande propret\u00e9 ; conception unique de la structure de la salle blanche, pas d'accumulation de poussi\u00e8re, facile \u00e0 nettoyer, pas d'angles vifs ; r\u00e9glage fin du niveau du pied, placement de haut niveau ; \u00e9quipe de service professionnelle cinq \u00e9toiles, conception et personnalisation gratuites sur demande, notre qualit\u00e9 a besoin de votre appr\u00e9ciation.<\/p>","protected":false},"excerpt":{"rendered":"<p>Les armoires \u00e0 chaussures propres sont principalement utilis\u00e9es pour stocker les chaussures qui doivent \u00eatre chang\u00e9es avant d'entrer dans la salle blanche afin de r\u00e9duire la pollution de l'air ext\u00e9rieur. Elle est \u00e9quip\u00e9e d'un ventilateur centrifuge et d'un filtre \u00e0 haute efficacit\u00e9 sur le dessus, ainsi que d'un syst\u00e8me de pression positive descendante, ce qui permet de pr\u00e9venir efficacement la pollution de l'air ext\u00e9rieur.<\/p>","protected":false},"featured_media":3616,"template":"","meta":{"_acf_changed":false},"product_brand":[],"product_cat":[82],"product_tag":[111],"class_list":{"0":"post-3614","1":"product","2":"type-product","3":"status-publish","4":"has-post-thumbnail","6":"product_cat-clean-room-supporting-stainless-steel-products","7":"product_tag-solution-food-beverage","9":"first","10":"instock","11":"shipping-taxable","12":"product-type-simple"},"acf":[],"_links":{"self":[{"href":"https:\/\/www.bacintl.com\/fr\/wp-json\/wp\/v2\/product\/3614","targetHints":{"allow":["GET"]}}],"collection":[{"href":"https:\/\/www.bacintl.com\/fr\/wp-json\/wp\/v2\/product"}],"about":[{"href":"https:\/\/www.bacintl.com\/fr\/wp-json\/wp\/v2\/types\/product"}],"wp:featuredmedia":[{"embeddable":true,"href":"https:\/\/www.bacintl.com\/fr\/wp-json\/wp\/v2\/media\/3616"}],"wp:attachment":[{"href":"https:\/\/www.bacintl.com\/fr\/wp-json\/wp\/v2\/media?parent=3614"}],"wp:term":[{"taxonomy":"product_brand","embeddable":true,"href":"https:\/\/www.bacintl.com\/fr\/wp-json\/wp\/v2\/product_brand?post=3614"},{"taxonomy":"product_cat","embeddable":true,"href":"https:\/\/www.bacintl.com\/fr\/wp-json\/wp\/v2\/product_cat?post=3614"},{"taxonomy":"product_tag","embeddable":true,"href":"https:\/\/www.bacintl.com\/fr\/wp-json\/wp\/v2\/product_tag?post=3614"}],"curies":[{"name":"wp","href":"https:\/\/api.w.org\/{rel}","templated":true}]}}