{"id":3610,"date":"2024-12-13T11:45:18","date_gmt":"2024-12-13T03:45:18","guid":{"rendered":"https:\/\/www.bacintl.com\/?post_type=product&#038;p=3610"},"modified":"2025-02-15T15:46:22","modified_gmt":"2025-02-15T07:46:22","slug":"dust-free-wardrobe","status":"publish","type":"product","link":"https:\/\/www.bacintl.com\/fr\/dust-free-wardrobe\/","title":{"rendered":"Armoire sans poussi\u00e8re"},"content":{"rendered":"<p>L'armoire d\u00e9poussi\u00e9r\u00e9e, \u00e9galement connue sous le nom d'armoire propre, est une armoire sp\u00e9ciale pour l'industrie propre. Elle est largement utilis\u00e9e pour le stockage des v\u00eatements propres dans des occasions sp\u00e9ciales de m\u00e9decine, de pr\u00e9paration, d'\u00e9lectronique, d'instruments de pr\u00e9cision, de compteurs, d'alimentation et d'autres industries, afin que les v\u00eatements propres ne soient pas pollu\u00e9s par de l'air ext\u00e9rieur pendant le processus de collecte et de transmission.<\/p>","protected":false},"excerpt":{"rendered":"<p>L'armoire anti-poussi\u00e8re est un \u00e9quipement efficace pour stocker et suspendre des v\u00eatements propres afin de conserver la fra\u00eecheur et la propret\u00e9 des v\u00eatements et d'\u00e9viter la contamination de l'air. L'armoire en acier inoxydable est fabriqu\u00e9e \u00e0 partir de plaques d'acier inoxydable de diff\u00e9rents types de mat\u00e9riaux. Elle pr\u00e9sente donc l'avantage d'\u00eatre solide et r\u00e9sistante \u00e0 la corrosion.<\/p>","protected":false},"featured_media":3613,"template":"","meta":{"_acf_changed":false},"product_brand":[],"product_cat":[82],"product_tag":[113,109],"class_list":{"0":"post-3610","1":"product","2":"type-product","3":"status-publish","4":"has-post-thumbnail","6":"product_cat-clean-room-supporting-stainless-steel-products","7":"product_tag-laboratory","8":"product_tag-solution-precision-manufacturing","10":"first","11":"instock","12":"shipping-taxable","13":"product-type-simple"},"acf":[],"_links":{"self":[{"href":"https:\/\/www.bacintl.com\/fr\/wp-json\/wp\/v2\/product\/3610","targetHints":{"allow":["GET"]}}],"collection":[{"href":"https:\/\/www.bacintl.com\/fr\/wp-json\/wp\/v2\/product"}],"about":[{"href":"https:\/\/www.bacintl.com\/fr\/wp-json\/wp\/v2\/types\/product"}],"wp:featuredmedia":[{"embeddable":true,"href":"https:\/\/www.bacintl.com\/fr\/wp-json\/wp\/v2\/media\/3613"}],"wp:attachment":[{"href":"https:\/\/www.bacintl.com\/fr\/wp-json\/wp\/v2\/media?parent=3610"}],"wp:term":[{"taxonomy":"product_brand","embeddable":true,"href":"https:\/\/www.bacintl.com\/fr\/wp-json\/wp\/v2\/product_brand?post=3610"},{"taxonomy":"product_cat","embeddable":true,"href":"https:\/\/www.bacintl.com\/fr\/wp-json\/wp\/v2\/product_cat?post=3610"},{"taxonomy":"product_tag","embeddable":true,"href":"https:\/\/www.bacintl.com\/fr\/wp-json\/wp\/v2\/product_tag?post=3610"}],"curies":[{"name":"wp","href":"https:\/\/api.w.org\/{rel}","templated":true}]}}