{"id":3607,"date":"2024-12-13T11:44:07","date_gmt":"2024-12-13T03:44:07","guid":{"rendered":"https:\/\/www.bacintl.com\/?post_type=product&#038;p=3607"},"modified":"2025-07-24T11:37:50","modified_gmt":"2025-07-24T03:37:50","slug":"automatic-hand-washing-machine","status":"publish","type":"product","link":"https:\/\/www.bacintl.com\/fr\/automatic-hand-washing-machine\/","title":{"rendered":"Machine automatique \u00e0 laver les mains"},"content":{"rendered":"<p>sp\u00e9cialement utilis\u00e9s dans les salles d'op\u00e9ration propres des h\u00f4pitaux pour que le personnel m\u00e9dical puisse se laver les mains. Ils r\u00e9pondent \u00e9galement aux normes et aux exigences de propret\u00e9 pour le lavage des mains du personnel m\u00e9dical.<\/p>","protected":false},"excerpt":{"rendered":"<p>Le lave-mains m\u00e9dical est l'un des \u00e9quipements sanitaires les plus importants de l'h\u00f4pital. Il est principalement utilis\u00e9 par le personnel m\u00e9dical pour se nettoyer et se d\u00e9sinfecter les mains avant et apr\u00e8s les op\u00e9rations m\u00e9dicales afin de r\u00e9duire le risque d'infection crois\u00e9e. La conception et l'utilisation des lave-mains m\u00e9dicaux rev\u00eatent une grande importance pour la protection de la sant\u00e9 des patients et la s\u00e9curit\u00e9 au travail du personnel m\u00e9dical.<\/p>","protected":false},"featured_media":3609,"template":"","meta":{"_acf_changed":false},"product_brand":[],"product_cat":[82],"product_tag":[113,111],"class_list":{"0":"post-3607","1":"product","2":"type-product","3":"status-publish","4":"has-post-thumbnail","6":"product_cat-clean-room-supporting-stainless-steel-products","7":"product_tag-laboratory","8":"product_tag-solution-food-beverage","10":"first","11":"instock","12":"shipping-taxable","13":"product-type-simple"},"acf":[],"_links":{"self":[{"href":"https:\/\/www.bacintl.com\/fr\/wp-json\/wp\/v2\/product\/3607","targetHints":{"allow":["GET"]}}],"collection":[{"href":"https:\/\/www.bacintl.com\/fr\/wp-json\/wp\/v2\/product"}],"about":[{"href":"https:\/\/www.bacintl.com\/fr\/wp-json\/wp\/v2\/types\/product"}],"wp:featuredmedia":[{"embeddable":true,"href":"https:\/\/www.bacintl.com\/fr\/wp-json\/wp\/v2\/media\/3609"}],"wp:attachment":[{"href":"https:\/\/www.bacintl.com\/fr\/wp-json\/wp\/v2\/media?parent=3607"}],"wp:term":[{"taxonomy":"product_brand","embeddable":true,"href":"https:\/\/www.bacintl.com\/fr\/wp-json\/wp\/v2\/product_brand?post=3607"},{"taxonomy":"product_cat","embeddable":true,"href":"https:\/\/www.bacintl.com\/fr\/wp-json\/wp\/v2\/product_cat?post=3607"},{"taxonomy":"product_tag","embeddable":true,"href":"https:\/\/www.bacintl.com\/fr\/wp-json\/wp\/v2\/product_tag?post=3607"}],"curies":[{"name":"wp","href":"https:\/\/api.w.org\/{rel}","templated":true}]}}