{"id":3603,"date":"2024-12-13T11:42:55","date_gmt":"2024-12-13T03:42:55","guid":{"rendered":"https:\/\/www.bacintl.com\/?post_type=product&#038;p=3603"},"modified":"2025-02-15T15:40:28","modified_gmt":"2025-02-15T07:40:28","slug":"medicine-cabinet","status":"publish","type":"product","link":"https:\/\/www.bacintl.com\/fr\/medicine-cabinet\/","title":{"rendered":"Armoire \u00e0 pharmacie"},"content":{"rendered":"<p>Conforme aux normes internationales, l'ensemble de l'armoire est en acier inoxydable SUS304, et la porte de l'armoire est en t\u00f4le galvanis\u00e9e recouverte d'un rev\u00eatement en poudre ou en acier inoxydable de la m\u00eame couleur que les panneaux muraux de la salle d'op\u00e9ration. L'ensemble de l'armoire pr\u00e9sente une surface lisse et belle, est facile \u00e0 installer, est conforme aux normes des salles d'op\u00e9ration nationales et est pratique pour la gestion de l'\u00e9quipement.<\/p>","protected":false},"excerpt":{"rendered":"<p>Il s'agit d'une armoire sp\u00e9ciale utilis\u00e9e pour stocker et g\u00e9rer les m\u00e9dicaments dans les lieux m\u00e9dicaux, principalement dans les institutions m\u00e9dicales telles que les h\u00f4pitaux, les cliniques et les pharmacies. Les armoires \u00e0 pharmacie ont des conceptions et des fonctions vari\u00e9es pour r\u00e9pondre aux besoins des diff\u00e9rents \u00e9tablissements m\u00e9dicaux.<\/p>","protected":false},"featured_media":3606,"template":"","meta":{"_acf_changed":false},"product_brand":[],"product_cat":[82],"product_tag":[],"class_list":{"0":"post-3603","1":"product","2":"type-product","3":"status-publish","4":"has-post-thumbnail","6":"product_cat-clean-room-supporting-stainless-steel-products","8":"first","9":"instock","10":"shipping-taxable","11":"product-type-simple"},"acf":[],"_links":{"self":[{"href":"https:\/\/www.bacintl.com\/fr\/wp-json\/wp\/v2\/product\/3603","targetHints":{"allow":["GET"]}}],"collection":[{"href":"https:\/\/www.bacintl.com\/fr\/wp-json\/wp\/v2\/product"}],"about":[{"href":"https:\/\/www.bacintl.com\/fr\/wp-json\/wp\/v2\/types\/product"}],"wp:featuredmedia":[{"embeddable":true,"href":"https:\/\/www.bacintl.com\/fr\/wp-json\/wp\/v2\/media\/3606"}],"wp:attachment":[{"href":"https:\/\/www.bacintl.com\/fr\/wp-json\/wp\/v2\/media?parent=3603"}],"wp:term":[{"taxonomy":"product_brand","embeddable":true,"href":"https:\/\/www.bacintl.com\/fr\/wp-json\/wp\/v2\/product_brand?post=3603"},{"taxonomy":"product_cat","embeddable":true,"href":"https:\/\/www.bacintl.com\/fr\/wp-json\/wp\/v2\/product_cat?post=3603"},{"taxonomy":"product_tag","embeddable":true,"href":"https:\/\/www.bacintl.com\/fr\/wp-json\/wp\/v2\/product_tag?post=3603"}],"curies":[{"name":"wp","href":"https:\/\/api.w.org\/{rel}","templated":true}]}}