{"id":3600,"date":"2024-12-13T11:40:56","date_gmt":"2024-12-13T03:40:56","guid":{"rendered":"https:\/\/www.bacintl.com\/?post_type=product&#038;p=3600"},"modified":"2025-02-15T15:37:43","modified_gmt":"2025-02-15T07:37:43","slug":"anesthesia-cabinet","status":"publish","type":"product","link":"https:\/\/www.bacintl.com\/fr\/anesthesia-cabinet\/","title":{"rendered":"Cabinet d'anesth\u00e9sie"},"content":{"rendered":"<p>Les armoires d'anesth\u00e9sie m\u00e9dicale sont sp\u00e9cialement con\u00e7ues pour ranger et organiser le mat\u00e9riel et les fournitures n\u00e9cessaires \u00e0 la gestion de l'anesth\u00e9sie.<\/p>\n<p>L'objectif principal des armoires d'anesth\u00e9sie m\u00e9dicale est d'assurer le stockage s\u00fbr et la gestion efficace des stup\u00e9fiants et des m\u00e9dicaments psychotropes.<\/p>\n<p>Ces m\u00e9dicaments n\u00e9cessitent g\u00e9n\u00e9ralement un contr\u00f4le strict afin de garantir qu'ils ne font pas l'objet d'un abus ou d'un mauvais usage. La conception et la fabrication des armoires d'anesth\u00e9sie m\u00e9dicale sont conformes aux normes de s\u00e9curit\u00e9 et aux exigences r\u00e9glementaires en vigueur.<\/p>","protected":false},"excerpt":{"rendered":"<p>Les armoires d'anesth\u00e9sie m\u00e9dicale sont sp\u00e9cialement con\u00e7ues pour ranger et organiser le mat\u00e9riel et les fournitures n\u00e9cessaires \u00e0 la gestion de l'anesth\u00e9sie.<\/p>\n<p>L'objectif principal des armoires d'anesth\u00e9sie m\u00e9dicale est d'assurer le stockage s\u00fbr et la gestion efficace des stup\u00e9fiants et des m\u00e9dicaments psychotropes.<\/p>\n<p>Ces m\u00e9dicaments n\u00e9cessitent g\u00e9n\u00e9ralement un contr\u00f4le strict afin de garantir qu'ils ne font pas l'objet d'un abus ou d'un mauvais usage. La conception et la fabrication des armoires d'anesth\u00e9sie m\u00e9dicale sont conformes aux normes de s\u00e9curit\u00e9 et aux exigences r\u00e9glementaires en vigueur.<\/p>","protected":false},"featured_media":3601,"template":"","meta":{"_acf_changed":false},"product_brand":[],"product_cat":[82],"product_tag":[],"class_list":{"0":"post-3600","1":"product","2":"type-product","3":"status-publish","4":"has-post-thumbnail","6":"product_cat-clean-room-supporting-stainless-steel-products","8":"first","9":"instock","10":"shipping-taxable","11":"product-type-simple"},"acf":[],"_links":{"self":[{"href":"https:\/\/www.bacintl.com\/fr\/wp-json\/wp\/v2\/product\/3600","targetHints":{"allow":["GET"]}}],"collection":[{"href":"https:\/\/www.bacintl.com\/fr\/wp-json\/wp\/v2\/product"}],"about":[{"href":"https:\/\/www.bacintl.com\/fr\/wp-json\/wp\/v2\/types\/product"}],"wp:featuredmedia":[{"embeddable":true,"href":"https:\/\/www.bacintl.com\/fr\/wp-json\/wp\/v2\/media\/3601"}],"wp:attachment":[{"href":"https:\/\/www.bacintl.com\/fr\/wp-json\/wp\/v2\/media?parent=3600"}],"wp:term":[{"taxonomy":"product_brand","embeddable":true,"href":"https:\/\/www.bacintl.com\/fr\/wp-json\/wp\/v2\/product_brand?post=3600"},{"taxonomy":"product_cat","embeddable":true,"href":"https:\/\/www.bacintl.com\/fr\/wp-json\/wp\/v2\/product_cat?post=3600"},{"taxonomy":"product_tag","embeddable":true,"href":"https:\/\/www.bacintl.com\/fr\/wp-json\/wp\/v2\/product_tag?post=3600"}],"curies":[{"name":"wp","href":"https:\/\/api.w.org\/{rel}","templated":true}]}}