{"id":3598,"date":"2024-12-13T11:39:33","date_gmt":"2024-12-13T03:39:33","guid":{"rendered":"https:\/\/www.bacintl.com\/?post_type=product&#038;p=3598"},"modified":"2025-07-24T11:35:59","modified_gmt":"2025-07-24T03:35:59","slug":"clean-sampling-vehicle","status":"publish","type":"product","link":"https:\/\/www.bacintl.com\/fr\/clean-sampling-vehicle\/","title":{"rendered":"V\u00e9hicule d'\u00e9chantillonnage propre"},"content":{"rendered":"<p>Le volume d'air du v\u00e9hicule d'\u00e9chantillonnage propre est r\u00e9glable et il peut \u00eatre \u00e9quip\u00e9 de lampes fluorescentes, de lampes \u00e0 ultraviolets et de dispositifs antistatiques en fonction des besoins du client. En outre, le v\u00e9hicule d'\u00e9chantillonnage propre peut \u00eatre d\u00e9mont\u00e9 et install\u00e9 \u00e0 l'endroit sp\u00e9cifi\u00e9 par l'utilisateur. Le v\u00e9hicule d'\u00e9chantillonnage propre est largement utilis\u00e9 pour l'\u00e9chantillonnage de mati\u00e8res premi\u00e8res dans des occasions sp\u00e9ciales dans les industries pharmaceutiques, de pr\u00e9paration, \u00e9lectroniques, d'instruments de pr\u00e9cision, de compteurs, alimentaires et autres. Conform\u00e9ment aux exigences de la nouvelle version de la norme GMP, notre soci\u00e9t\u00e9 a con\u00e7u et d\u00e9velopp\u00e9 un v\u00e9hicule d'\u00e9chantillonnage propre multifonctionnel et mobile. Le niveau de propret\u00e9 de cet \u00e9quipement atteint la classe 100 et il peut facilement \u00e9chantillonner des mati\u00e8res premi\u00e8res et auxiliaires pour les pr\u00e9parations pharmaceutiques (\u00e0 l'exception des pr\u00e9parations st\u00e9riles). Cet \u00e9quipement pr\u00e9sente les avantages d'une structure simple, d'une belle apparence, d'un mouvement flexible, d'une utilisation \u00e9conomique et pratique. Il s'agit d'un \u00e9quipement essentiel pour l'\u00e9chantillonnage dans l'industrie pharmaceutique, conform\u00e9ment \u00e0 l'article 26 des BPF. Les composants \u00e9lectriques utilis\u00e9s sont conformes \u00e0 la norme GB1497-85 (normes de s\u00e9curit\u00e9 \u00e9lectrique) et aux dispositions de la norme GB-191 (normes d'emballage). La largeur de la surface de travail peut \u00eatre trait\u00e9e et fabriqu\u00e9e en fonction des besoins de l'utilisateur.<\/p>","protected":false},"excerpt":{"rendered":"<p>Le v\u00e9hicule d'\u00e9chantillonnage propre est un dispositif de purification de l'air local \u00e0 flux vertical. L'air int\u00e9rieur \u00e9tant filtr\u00e9 par le filtre primaire et l'air \u00e9tant \u00e9vacu\u00e9 par le filtre \u00e0 air \u00e0 haute efficacit\u00e9, on obtient un environnement de travail d'une grande propret\u00e9.<\/p>","protected":false},"featured_media":3599,"template":"","meta":{"_acf_changed":false},"product_brand":[],"product_cat":[81],"product_tag":[105,107],"class_list":{"0":"post-3598","1":"product","2":"type-product","3":"status-publish","4":"has-post-thumbnail","6":"product_cat-sampling-vehicle","7":"product_tag-solution-biopharmaceuticals","8":"product_tag-solution-healthcare","10":"first","11":"instock","12":"shipping-taxable","13":"product-type-simple"},"acf":[],"_links":{"self":[{"href":"https:\/\/www.bacintl.com\/fr\/wp-json\/wp\/v2\/product\/3598","targetHints":{"allow":["GET"]}}],"collection":[{"href":"https:\/\/www.bacintl.com\/fr\/wp-json\/wp\/v2\/product"}],"about":[{"href":"https:\/\/www.bacintl.com\/fr\/wp-json\/wp\/v2\/types\/product"}],"wp:featuredmedia":[{"embeddable":true,"href":"https:\/\/www.bacintl.com\/fr\/wp-json\/wp\/v2\/media\/3599"}],"wp:attachment":[{"href":"https:\/\/www.bacintl.com\/fr\/wp-json\/wp\/v2\/media?parent=3598"}],"wp:term":[{"taxonomy":"product_brand","embeddable":true,"href":"https:\/\/www.bacintl.com\/fr\/wp-json\/wp\/v2\/product_brand?post=3598"},{"taxonomy":"product_cat","embeddable":true,"href":"https:\/\/www.bacintl.com\/fr\/wp-json\/wp\/v2\/product_cat?post=3598"},{"taxonomy":"product_tag","embeddable":true,"href":"https:\/\/www.bacintl.com\/fr\/wp-json\/wp\/v2\/product_tag?post=3598"}],"curies":[{"name":"wp","href":"https:\/\/api.w.org\/{rel}","templated":true}]}}