{"id":3594,"date":"2024-12-13T11:38:04","date_gmt":"2024-12-13T03:38:04","guid":{"rendered":"https:\/\/www.bacintl.com\/?post_type=product&#038;p=3594"},"modified":"2025-02-15T15:26:59","modified_gmt":"2025-02-15T07:26:59","slug":"sterile-isolator","status":"publish","type":"product","link":"https:\/\/www.bacintl.com\/fr\/sterile-isolator\/","title":{"rendered":"Isolateur st\u00e9rile"},"content":{"rendered":"<p>Les isolateurs st\u00e9riles \u00e9vitent fondamentalement le contact direct entre les op\u00e9rateurs et les objets, de sorte que les \u00e9chantillons et les installations auxiliaires ne peuvent pas \u00eatre contamin\u00e9s pendant les tests de st\u00e9rilit\u00e9. Lorsque l'isolateur est ferm\u00e9, l'int\u00e9rieur est un environnement st\u00e9rile et les objets ne peuvent \u00eatre transf\u00e9r\u00e9s qu'\u00e0 l'int\u00e9rieur de l'isolateur ou par l'interm\u00e9diaire d'un entrep\u00f4t sp\u00e9cial \u00e0 transfert rapide.<\/p>","protected":false},"excerpt":{"rendered":"<p>\u00a0Il cr\u00e9e un environnement propre continu de niveau GMPA gr\u00e2ce \u00e0 une barri\u00e8re physique et \u00e0 une st\u00e9rilisation efficace au peroxyde d'hydrog\u00e8ne vaporis\u00e9 VHPS, r\u00e9duit le risque de pollution exog\u00e8ne et de contamination crois\u00e9e, est conforme aux exigences des BPF chinoises et de la pharmacop\u00e9e chinoise, ainsi qu'aux BPF de l'UE\/FDA cGMP\/USP-NF, et peut fonctionner \"en continu\" ou \"par lots\".<\/p>","protected":false},"featured_media":3597,"template":"","meta":{"_acf_changed":false},"product_brand":[],"product_cat":[80],"product_tag":[105],"class_list":{"0":"post-3594","1":"product","2":"type-product","3":"status-publish","4":"has-post-thumbnail","6":"product_cat-sterile-isolator","7":"product_tag-solution-biopharmaceuticals","9":"first","10":"instock","11":"shipping-taxable","12":"product-type-simple"},"acf":[],"_links":{"self":[{"href":"https:\/\/www.bacintl.com\/fr\/wp-json\/wp\/v2\/product\/3594","targetHints":{"allow":["GET"]}}],"collection":[{"href":"https:\/\/www.bacintl.com\/fr\/wp-json\/wp\/v2\/product"}],"about":[{"href":"https:\/\/www.bacintl.com\/fr\/wp-json\/wp\/v2\/types\/product"}],"wp:featuredmedia":[{"embeddable":true,"href":"https:\/\/www.bacintl.com\/fr\/wp-json\/wp\/v2\/media\/3597"}],"wp:attachment":[{"href":"https:\/\/www.bacintl.com\/fr\/wp-json\/wp\/v2\/media?parent=3594"}],"wp:term":[{"taxonomy":"product_brand","embeddable":true,"href":"https:\/\/www.bacintl.com\/fr\/wp-json\/wp\/v2\/product_brand?post=3594"},{"taxonomy":"product_cat","embeddable":true,"href":"https:\/\/www.bacintl.com\/fr\/wp-json\/wp\/v2\/product_cat?post=3594"},{"taxonomy":"product_tag","embeddable":true,"href":"https:\/\/www.bacintl.com\/fr\/wp-json\/wp\/v2\/product_tag?post=3594"}],"curies":[{"name":"wp","href":"https:\/\/api.w.org\/{rel}","templated":true}]}}