{"id":3582,"date":"2024-12-13T11:31:26","date_gmt":"2024-12-13T03:31:26","guid":{"rendered":"https:\/\/www.bacintl.com\/?post_type=product&#038;p=3582"},"modified":"2025-07-24T11:17:34","modified_gmt":"2025-07-24T03:17:34","slug":"bag-in-bag-out-filter","status":"publish","type":"product","link":"https:\/\/www.bacintl.com\/fr\/bag-in-bag-out-filter\/","title":{"rendered":"Filtre \u00e0 poches Filtre \u00e0 poches"},"content":{"rendered":"<p>Le bo\u00eetier du filtre Bag-In-Bag-Out est un dispositif sp\u00e9cial utilis\u00e9 pour la filtration de l'air dans des environnements hautement pollu\u00e9s, garantissant qu'aucun dommage n'est caus\u00e9 \u00e0 l'environnement et au personnel lors du remplacement et de l'entretien. Les filtres BIBO adoptent g\u00e9n\u00e9ralement une structure cylindrique ou en caisson, avec un cadre de fixation du sac filtrant ou un syst\u00e8me de suspension \u00e0 l'int\u00e9rieur. Le sac filtrant est charg\u00e9 \u00e0 une extr\u00e9mit\u00e9 du dispositif et retir\u00e9 \u00e0 l'autre extr\u00e9mit\u00e9. Il n'est pas n\u00e9cessaire d'entrer directement en contact avec le mat\u00e9riau filtr\u00e9 pendant toute la dur\u00e9e du processus, ce qui r\u00e9duit la pollution du sac filtrant et de l'environnement de travail.<\/p>","protected":false},"excerpt":{"rendered":"<p>La composition d'un filtre bag-in-bag-out est similaire \u00e0 celle d'une unit\u00e9 de climatisation combin\u00e9e, en ce sens que diff\u00e9rentes unit\u00e9s fonctionnelles sont combin\u00e9es et assembl\u00e9es dans un bo\u00eetier bag-in\/bag-out (bo\u00eetier BIBO) en fonction des besoins de l'application.<\/p>","protected":false},"featured_media":3583,"template":"","meta":{"_acf_changed":false},"product_brand":[],"product_cat":[78],"product_tag":[105,107],"class_list":{"0":"post-3582","1":"product","2":"type-product","3":"status-publish","4":"has-post-thumbnail","6":"product_cat-bag-in-bag-out-filter-bibo","7":"product_tag-solution-biopharmaceuticals","8":"product_tag-solution-healthcare","10":"first","11":"instock","12":"shipping-taxable","13":"product-type-simple"},"acf":[],"_links":{"self":[{"href":"https:\/\/www.bacintl.com\/fr\/wp-json\/wp\/v2\/product\/3582","targetHints":{"allow":["GET"]}}],"collection":[{"href":"https:\/\/www.bacintl.com\/fr\/wp-json\/wp\/v2\/product"}],"about":[{"href":"https:\/\/www.bacintl.com\/fr\/wp-json\/wp\/v2\/types\/product"}],"wp:featuredmedia":[{"embeddable":true,"href":"https:\/\/www.bacintl.com\/fr\/wp-json\/wp\/v2\/media\/3583"}],"wp:attachment":[{"href":"https:\/\/www.bacintl.com\/fr\/wp-json\/wp\/v2\/media?parent=3582"}],"wp:term":[{"taxonomy":"product_brand","embeddable":true,"href":"https:\/\/www.bacintl.com\/fr\/wp-json\/wp\/v2\/product_brand?post=3582"},{"taxonomy":"product_cat","embeddable":true,"href":"https:\/\/www.bacintl.com\/fr\/wp-json\/wp\/v2\/product_cat?post=3582"},{"taxonomy":"product_tag","embeddable":true,"href":"https:\/\/www.bacintl.com\/fr\/wp-json\/wp\/v2\/product_tag?post=3582"}],"curies":[{"name":"wp","href":"https:\/\/api.w.org\/{rel}","templated":true}]}}