{"id":3575,"date":"2024-12-13T11:22:48","date_gmt":"2024-12-13T03:22:48","guid":{"rendered":"https:\/\/www.bacintl.com\/?post_type=product&#038;p=3575"},"modified":"2025-07-29T11:03:10","modified_gmt":"2025-07-29T03:03:10","slug":"laminar-flow-ceiling","status":"publish","type":"product","link":"https:\/\/www.bacintl.com\/fr\/laminar-flow-ceiling\/","title":{"rendered":"Plafond \u00e0 flux laminaire-1"},"content":{"rendered":"<p>Il est \u00e9galement appel\u00e9 plafond d'alimentation en air laminaire de purification de niveau 100, plafond d'alimentation en air de salle d'op\u00e9ration ou plafond d'alimentation en air laminaire de purification et plafond d'alimentation en air propre. Le plafond d'alimentation en air de purification est un type de dispositif de purification qui doit \u00eatre utilis\u00e9 dans les salles d'op\u00e9ration des h\u00f4pitaux modernes. Le plafond d'alimentation en air de purification est bas\u00e9 sur la technologie de pointe en mati\u00e8re de barri\u00e8re contre les fuites en Allemagne et \u00e0 l'\u00e9tranger, et s'appuie sur le dispositif de plafond d'alimentation en air propre dans la salle d'op\u00e9ration. L'utilisation de cet \u00e9quipement permet de r\u00e9partir raisonnablement le flux d'air dans la salle blanche et de garantir efficacement la propret\u00e9 de la salle (surface d'alimentation en air de niveau 100).<\/p>","protected":false},"excerpt":{"rendered":"<p>Le plafond \u00e0 flux laminaire est un \u00e9quipement de purification aseptique sans poussi\u00e8re et d'une grande propret\u00e9. Il peut m\u00eame cr\u00e9er un environnement de travail d'une propret\u00e9 de classe 100.<\/p>","protected":false},"featured_media":3592,"template":"","meta":{"_acf_changed":false},"product_brand":[],"product_cat":[77],"product_tag":[107],"class_list":{"0":"post-3575","1":"product","2":"type-product","3":"status-publish","4":"has-post-thumbnail","6":"product_cat-laminar-flow-ceiling-catalog","7":"product_tag-solution-healthcare","9":"first","10":"instock","11":"shipping-taxable","12":"product-type-simple"},"acf":[],"_links":{"self":[{"href":"https:\/\/www.bacintl.com\/fr\/wp-json\/wp\/v2\/product\/3575","targetHints":{"allow":["GET"]}}],"collection":[{"href":"https:\/\/www.bacintl.com\/fr\/wp-json\/wp\/v2\/product"}],"about":[{"href":"https:\/\/www.bacintl.com\/fr\/wp-json\/wp\/v2\/types\/product"}],"wp:featuredmedia":[{"embeddable":true,"href":"https:\/\/www.bacintl.com\/fr\/wp-json\/wp\/v2\/media\/3592"}],"wp:attachment":[{"href":"https:\/\/www.bacintl.com\/fr\/wp-json\/wp\/v2\/media?parent=3575"}],"wp:term":[{"taxonomy":"product_brand","embeddable":true,"href":"https:\/\/www.bacintl.com\/fr\/wp-json\/wp\/v2\/product_brand?post=3575"},{"taxonomy":"product_cat","embeddable":true,"href":"https:\/\/www.bacintl.com\/fr\/wp-json\/wp\/v2\/product_cat?post=3575"},{"taxonomy":"product_tag","embeddable":true,"href":"https:\/\/www.bacintl.com\/fr\/wp-json\/wp\/v2\/product_tag?post=3575"}],"curies":[{"name":"wp","href":"https:\/\/api.w.org\/{rel}","templated":true}]}}