{"id":3573,"date":"2024-12-13T11:21:18","date_gmt":"2024-12-13T03:21:18","guid":{"rendered":"https:\/\/www.bacintl.com\/?post_type=product&#038;p=3573"},"modified":"2025-07-24T11:06:40","modified_gmt":"2025-07-24T03:06:40","slug":"large-weighing-room","status":"publish","type":"product","link":"https:\/\/www.bacintl.com\/fr\/large-weighing-room\/","title":{"rendered":"Grande salle de pes\u00e9e"},"content":{"rendered":"<p>La salle de pes\u00e9e \u00e0 pression n\u00e9gative est un type d'\u00e9quipement de purification locale utilis\u00e9 dans la recherche pharmaceutique, microbiologique et les exp\u00e9riences scientifiques. Elle fournit un flux d'air vertical unidirectionnel. Une partie de l'air propre circule dans la zone de travail et une autre partie est rejet\u00e9e dans la zone voisine, de sorte que la zone de travail g\u00e9n\u00e8re une pression n\u00e9gative. Le pesage et l'emballage des poussi\u00e8res et des r\u00e9actifs dans l'\u00e9quipement permettent de contr\u00f4ler le d\u00e9bordement et l'augmentation des poussi\u00e8res et des r\u00e9actifs, de pr\u00e9venir les effets nocifs des poussi\u00e8res et des r\u00e9actifs sur le corps humain par inhalation et d'\u00e9viter la contamination crois\u00e9e des poussi\u00e8res et des r\u00e9actifs, prot\u00e9geant ainsi l'environnement ext\u00e9rieur et la s\u00e9curit\u00e9 du personnel \u00e0 l'int\u00e9rieur des b\u00e2timents.<\/p>","protected":false},"excerpt":{"rendered":"<p>La grande salle de pes\u00e9e fournit un flux d'air unidirectionnel vertical, une partie de l'air propre circule dans la zone de travail, une autre partie est rejet\u00e9e dans la zone voisine, de sorte que la zone de travail produit une pression n\u00e9gative pour emp\u00eacher la contamination crois\u00e9e, afin de garantir un niveau de propret\u00e9 \u00e9lev\u00e9 de la zone de travail.<\/p>","protected":false},"featured_media":3574,"template":"","meta":{"_acf_changed":false},"product_brand":[],"product_cat":[75],"product_tag":[],"class_list":{"0":"post-3573","1":"product","2":"type-product","3":"status-publish","4":"has-post-thumbnail","6":"product_cat-weighing-room-dispensing-booth","8":"first","9":"instock","10":"shipping-taxable","11":"product-type-simple"},"acf":[],"_links":{"self":[{"href":"https:\/\/www.bacintl.com\/fr\/wp-json\/wp\/v2\/product\/3573","targetHints":{"allow":["GET"]}}],"collection":[{"href":"https:\/\/www.bacintl.com\/fr\/wp-json\/wp\/v2\/product"}],"about":[{"href":"https:\/\/www.bacintl.com\/fr\/wp-json\/wp\/v2\/types\/product"}],"wp:featuredmedia":[{"embeddable":true,"href":"https:\/\/www.bacintl.com\/fr\/wp-json\/wp\/v2\/media\/3574"}],"wp:attachment":[{"href":"https:\/\/www.bacintl.com\/fr\/wp-json\/wp\/v2\/media?parent=3573"}],"wp:term":[{"taxonomy":"product_brand","embeddable":true,"href":"https:\/\/www.bacintl.com\/fr\/wp-json\/wp\/v2\/product_brand?post=3573"},{"taxonomy":"product_cat","embeddable":true,"href":"https:\/\/www.bacintl.com\/fr\/wp-json\/wp\/v2\/product_cat?post=3573"},{"taxonomy":"product_tag","embeddable":true,"href":"https:\/\/www.bacintl.com\/fr\/wp-json\/wp\/v2\/product_tag?post=3573"}],"curies":[{"name":"wp","href":"https:\/\/api.w.org\/{rel}","templated":true}]}}