{"id":3569,"date":"2024-12-13T11:19:22","date_gmt":"2024-12-13T03:19:22","guid":{"rendered":"https:\/\/www.bacintl.com\/?post_type=product&#038;p=3569"},"modified":"2025-02-15T14:13:04","modified_gmt":"2025-02-15T06:13:04","slug":"weighing-table","status":"publish","type":"product","link":"https:\/\/www.bacintl.com\/fr\/weighing-table\/","title":{"rendered":"Table de pes\u00e9e"},"content":{"rendered":"<p>La table de pes\u00e9e \u00e0 pression n\u00e9gative est un \u00e9quipement de purification locale sp\u00e9cialement utilis\u00e9 dans des endroits tels que les produits pharmaceutiques, la recherche microbiologique et les exp\u00e9riences scientifiques. Elle fournit un flux d'air unidirectionnel vertical. Une partie de l'air propre circule dans la zone de travail et une autre partie est rejet\u00e9e dans la zone voisine, de sorte qu'une pression n\u00e9gative est g\u00e9n\u00e9r\u00e9e dans la zone de travail afin d'\u00e9viter la contamination crois\u00e9e et de garantir un environnement de grande propret\u00e9 dans la zone de travail.<\/p>","protected":false},"excerpt":{"rendered":"<p>La table de pes\u00e9e \u00e0 pression n\u00e9gative est un dispositif de purification \u00e0 pression n\u00e9gative dans la zone de travail par rapport \u00e0 la pression externe de l'\u00e9quipement.<\/p>","protected":false},"featured_media":3572,"template":"","meta":{"_acf_changed":false},"product_brand":[],"product_cat":[75],"product_tag":[],"class_list":{"0":"post-3569","1":"product","2":"type-product","3":"status-publish","4":"has-post-thumbnail","6":"product_cat-weighing-room-dispensing-booth","8":"first","9":"instock","10":"shipping-taxable","11":"product-type-simple"},"acf":[],"_links":{"self":[{"href":"https:\/\/www.bacintl.com\/fr\/wp-json\/wp\/v2\/product\/3569","targetHints":{"allow":["GET"]}}],"collection":[{"href":"https:\/\/www.bacintl.com\/fr\/wp-json\/wp\/v2\/product"}],"about":[{"href":"https:\/\/www.bacintl.com\/fr\/wp-json\/wp\/v2\/types\/product"}],"wp:featuredmedia":[{"embeddable":true,"href":"https:\/\/www.bacintl.com\/fr\/wp-json\/wp\/v2\/media\/3572"}],"wp:attachment":[{"href":"https:\/\/www.bacintl.com\/fr\/wp-json\/wp\/v2\/media?parent=3569"}],"wp:term":[{"taxonomy":"product_brand","embeddable":true,"href":"https:\/\/www.bacintl.com\/fr\/wp-json\/wp\/v2\/product_brand?post=3569"},{"taxonomy":"product_cat","embeddable":true,"href":"https:\/\/www.bacintl.com\/fr\/wp-json\/wp\/v2\/product_cat?post=3569"},{"taxonomy":"product_tag","embeddable":true,"href":"https:\/\/www.bacintl.com\/fr\/wp-json\/wp\/v2\/product_tag?post=3569"}],"curies":[{"name":"wp","href":"https:\/\/api.w.org\/{rel}","templated":true}]}}