{"id":3564,"date":"2024-12-13T11:16:57","date_gmt":"2024-12-13T03:16:57","guid":{"rendered":"https:\/\/www.bacintl.com\/?post_type=product&#038;p=3564"},"modified":"2025-07-24T14:02:08","modified_gmt":"2025-07-24T06:02:08","slug":"hepa-exhaust-device","status":"publish","type":"product","link":"https:\/\/www.bacintl.com\/fr\/hepa-exhaust-device\/","title":{"rendered":"Dispositif d'aspiration Hepa"},"content":{"rendered":"<p>Le filtre d'extraction \u00e0 haute efficacit\u00e9 est un dispositif utilis\u00e9 pour filtrer les particules et les polluants pr\u00e9sents dans l'air afin de s'assurer que la qualit\u00e9 de l'air atteint des normes de propret\u00e9 \u00e9lev\u00e9es. Il se compose g\u00e9n\u00e9ralement d'une ou plusieurs couches de filtres \u00e0 air \u00e0 haute efficacit\u00e9 (HEPA), qui peuvent capturer au moins 99,97% de particules d'un diam\u00e8tre de 0,3 micron ou plus.<\/p>\n<p>La bo\u00eete d'\u00e9chappement \u00e0 haute efficacit\u00e9 est un dispositif de filtrage \u00e0 haute efficacit\u00e9 pour la section d'\u00e9chappement de la salle blanche. Elle est principalement utilis\u00e9e dans les secteurs pharmaceutique, alimentaire, les laboratoires biologiques, les h\u00f4pitaux, etc. Il se compose d'un corps de bo\u00eete, d'un filtre \u00e0 haute efficacit\u00e9, d'un panneau d'\u00e9chappement, etc., et peut \u00eatre \u00e9quip\u00e9 d'une section de pr\u00e9filtration, d'une section de filtre \u00e0 haute efficacit\u00e9, d'une section de test de balayage, d'une section de filtration mol\u00e9culaire, d'une injection d'a\u00e9rosol, d'une d\u00e9tection de pression diff\u00e9rentielle et d'autres composants en fonction des besoins. Il adopte une conception d'installation int\u00e9gr\u00e9e et peut \u00eatre directement install\u00e9 sur le mur lat\u00e9ral de la salle blanche, ce qui est conforme aux habitudes et aux sp\u00e9cifications d'exploitation de la salle blanche de l'usine pharmaceutique.<\/p>","protected":false},"excerpt":{"rendered":"<p>L'\u00e9tanch\u00e9it\u00e9 de chaque unit\u00e9 est test\u00e9e avant de quitter l'usine, et le taux de fuite ne d\u00e9passe pas 0,1% par minute \u00e0 -2500Pa.<\/p>","protected":false},"featured_media":3565,"template":"","meta":{"_acf_changed":false},"product_brand":[],"product_cat":[74],"product_tag":[105,110],"class_list":{"0":"post-3564","1":"product","2":"type-product","3":"status-publish","4":"has-post-thumbnail","6":"product_cat-hepa-box","7":"product_tag-solution-biopharmaceuticals","8":"product_tag-solution-new-energy","10":"first","11":"instock","12":"shipping-taxable","13":"product-type-simple"},"acf":[],"_links":{"self":[{"href":"https:\/\/www.bacintl.com\/fr\/wp-json\/wp\/v2\/product\/3564","targetHints":{"allow":["GET"]}}],"collection":[{"href":"https:\/\/www.bacintl.com\/fr\/wp-json\/wp\/v2\/product"}],"about":[{"href":"https:\/\/www.bacintl.com\/fr\/wp-json\/wp\/v2\/types\/product"}],"wp:featuredmedia":[{"embeddable":true,"href":"https:\/\/www.bacintl.com\/fr\/wp-json\/wp\/v2\/media\/3565"}],"wp:attachment":[{"href":"https:\/\/www.bacintl.com\/fr\/wp-json\/wp\/v2\/media?parent=3564"}],"wp:term":[{"taxonomy":"product_brand","embeddable":true,"href":"https:\/\/www.bacintl.com\/fr\/wp-json\/wp\/v2\/product_brand?post=3564"},{"taxonomy":"product_cat","embeddable":true,"href":"https:\/\/www.bacintl.com\/fr\/wp-json\/wp\/v2\/product_cat?post=3564"},{"taxonomy":"product_tag","embeddable":true,"href":"https:\/\/www.bacintl.com\/fr\/wp-json\/wp\/v2\/product_tag?post=3564"}],"curies":[{"name":"wp","href":"https:\/\/api.w.org\/{rel}","templated":true}]}}