{"id":3555,"date":"2024-12-13T11:13:54","date_gmt":"2024-12-13T03:13:54","guid":{"rendered":"https:\/\/www.bacintl.com\/?post_type=product&#038;p=3555"},"modified":"2025-07-24T11:04:21","modified_gmt":"2025-07-24T03:04:21","slug":"hepa-box-with-circumfluence","status":"publish","type":"product","link":"https:\/\/www.bacintl.com\/fr\/hepa-box-with-circumfluence\/","title":{"rendered":"Bo\u00eete HEPA avec circulation"},"content":{"rendered":"<p>Ils sont g\u00e9n\u00e9ralement con\u00e7us \u00e0 l'aide des derni\u00e8res technologies afin de rendre la distribution du flux d'air plus raisonnable et la structure du caisson plus simple et plus fiable. L'enveloppe est fabriqu\u00e9e en t\u00f4le d'acier lamin\u00e9e \u00e0 froid Baosteel, et la surface est pulv\u00e9ris\u00e9e ou peinte pour \u00e9viter l'acide et la corrosion. Elle contient une bo\u00eete de pression statique, une plaque de diffusion, un filtre \u00e0 haute efficacit\u00e9, et l'interface avec le conduit d'air peut \u00eatre connect\u00e9e par le haut ou par le c\u00f4t\u00e9. Les sorties d'air ont une bonne organisation du flux d'air afin de r\u00e9duire les zones mortes dans la zone propre et d'assurer l'effet de purification. Ils sont utilis\u00e9s comme dispositifs de filtration terminaux pour la construction ou la r\u00e9novation de salles blanches de 1 000 \u00e0 300 000 niveaux, et constituent un \u00e9quipement cl\u00e9 pour r\u00e9pondre aux exigences de purification.<\/p>","protected":false},"excerpt":{"rendered":"<p>Cette conception permet de r\u00e9partir l'air plus uniform\u00e9ment sur la surface du filtre HEPA, ce qui r\u00e9duit l'accumulation de particules et prolonge la dur\u00e9e de vie du filtre.<\/p>","protected":false},"featured_media":3556,"template":"","meta":{"_acf_changed":false},"product_brand":[],"product_cat":[74],"product_tag":[],"class_list":{"0":"post-3555","1":"product","2":"type-product","3":"status-publish","4":"has-post-thumbnail","6":"product_cat-hepa-box","8":"first","9":"instock","10":"shipping-taxable","11":"product-type-simple"},"acf":[],"_links":{"self":[{"href":"https:\/\/www.bacintl.com\/fr\/wp-json\/wp\/v2\/product\/3555","targetHints":{"allow":["GET"]}}],"collection":[{"href":"https:\/\/www.bacintl.com\/fr\/wp-json\/wp\/v2\/product"}],"about":[{"href":"https:\/\/www.bacintl.com\/fr\/wp-json\/wp\/v2\/types\/product"}],"wp:featuredmedia":[{"embeddable":true,"href":"https:\/\/www.bacintl.com\/fr\/wp-json\/wp\/v2\/media\/3556"}],"wp:attachment":[{"href":"https:\/\/www.bacintl.com\/fr\/wp-json\/wp\/v2\/media?parent=3555"}],"wp:term":[{"taxonomy":"product_brand","embeddable":true,"href":"https:\/\/www.bacintl.com\/fr\/wp-json\/wp\/v2\/product_brand?post=3555"},{"taxonomy":"product_cat","embeddable":true,"href":"https:\/\/www.bacintl.com\/fr\/wp-json\/wp\/v2\/product_cat?post=3555"},{"taxonomy":"product_tag","embeddable":true,"href":"https:\/\/www.bacintl.com\/fr\/wp-json\/wp\/v2\/product_tag?post=3555"}],"curies":[{"name":"wp","href":"https:\/\/api.w.org\/{rel}","templated":true}]}}