{"id":3550,"date":"2024-12-13T11:11:51","date_gmt":"2024-12-13T03:11:51","guid":{"rendered":"https:\/\/www.bacintl.com\/?post_type=product&#038;p=3550"},"modified":"2025-02-14T16:54:04","modified_gmt":"2025-02-14T08:54:04","slug":"class-a-laminar-flow-hood","status":"publish","type":"product","link":"https:\/\/www.bacintl.com\/fr\/class-a-laminar-flow-hood\/","title":{"rendered":"Hotte \u00e0 flux laminaire de classe A"},"content":{"rendered":"<p>La hotte \u00e0 flux laminaire est l'un des \u00e9quipements permettant de prot\u00e9ger et d'isoler l'op\u00e9rateur du produit. Son objectif principal est d'\u00e9viter la contamination du produit. L'air provenant de la salle blanche est ensuite filtr\u00e9 verticalement \u00e0 travers la zone d'op\u00e9ration par le ventilateur install\u00e9 dans la cabine sup\u00e9rieure pressuris\u00e9e \u00e0 travers l'HEPA, fournissant un flux d'air unidirectionnel ISO 5 (classe 100) pour les zones cl\u00e9s. Le gaz d'\u00e9chappement est \u00e9vacu\u00e9 par le bas et renvoy\u00e9 dans la zone de la salle blanche. Il se compose principalement d'un caisson, d'un ventilateur, d'un filtre \u00e0 air \u00e0 haute efficacit\u00e9, d'une couche d'amortissement, de lampes, etc.<\/p>","protected":false},"excerpt":{"rendered":"<p>La hotte \u00e0 flux laminaire de classe A est un dispositif de purification de l'air qui peut fournir un environnement local de haute propret\u00e9. Elle filtre l'air \u00e0 travers un filtre \u00e0 haute efficacit\u00e9 pour former un flux unidirectionnel vertical, garantissant que la zone de travail r\u00e9pond \u00e0 des exigences de propret\u00e9 \u00e9lev\u00e9es.<\/p>","protected":false},"featured_media":3551,"template":"","meta":{"_acf_changed":false},"product_brand":[],"product_cat":[73],"product_tag":[103,105,109],"class_list":{"0":"post-3550","1":"product","2":"type-product","3":"status-publish","4":"has-post-thumbnail","6":"product_cat-dop-laf-laminar-flow-hood","7":"product_tag-home-cleanroom-equipment","8":"product_tag-solution-biopharmaceuticals","9":"product_tag-solution-precision-manufacturing","11":"first","12":"instock","13":"shipping-taxable","14":"product-type-simple"},"acf":[],"_links":{"self":[{"href":"https:\/\/www.bacintl.com\/fr\/wp-json\/wp\/v2\/product\/3550","targetHints":{"allow":["GET"]}}],"collection":[{"href":"https:\/\/www.bacintl.com\/fr\/wp-json\/wp\/v2\/product"}],"about":[{"href":"https:\/\/www.bacintl.com\/fr\/wp-json\/wp\/v2\/types\/product"}],"wp:featuredmedia":[{"embeddable":true,"href":"https:\/\/www.bacintl.com\/fr\/wp-json\/wp\/v2\/media\/3551"}],"wp:attachment":[{"href":"https:\/\/www.bacintl.com\/fr\/wp-json\/wp\/v2\/media?parent=3550"}],"wp:term":[{"taxonomy":"product_brand","embeddable":true,"href":"https:\/\/www.bacintl.com\/fr\/wp-json\/wp\/v2\/product_brand?post=3550"},{"taxonomy":"product_cat","embeddable":true,"href":"https:\/\/www.bacintl.com\/fr\/wp-json\/wp\/v2\/product_cat?post=3550"},{"taxonomy":"product_tag","embeddable":true,"href":"https:\/\/www.bacintl.com\/fr\/wp-json\/wp\/v2\/product_tag?post=3550"}],"curies":[{"name":"wp","href":"https:\/\/api.w.org\/{rel}","templated":true}]}}