{"id":3537,"date":"2024-12-13T11:04:39","date_gmt":"2024-12-13T03:04:39","guid":{"rendered":"https:\/\/www.bacintl.com\/?post_type=product&#038;p=3537"},"modified":"2025-07-24T10:55:13","modified_gmt":"2025-07-24T02:55:13","slug":"down-detachable-ffu-with-geal-seal-hepa-filter","status":"publish","type":"product","link":"https:\/\/www.bacintl.com\/fr\/down-detachable-ffu-with-geal-seal-hepa-filter\/","title":{"rendered":"FFU d\u00e9montable avec filtre HEPA Geal Seal"},"content":{"rendered":"<p>L'unit\u00e9 de filtration du ventilateur FFU est destin\u00e9e \u00e0 purifier l'air envoy\u00e9 dans la zone propre afin de r\u00e9pondre aux exigences d'un environnement propre. Elle est install\u00e9e sur le plafond (grille en T) de la zone propre ou de la zone de travail, ou sur la machine de l'\u00e9quipement, et a un large \u00e9ventail d'utilisations. L'unit\u00e9 de filtration \u00e0 ventilateur FFU est principalement utilis\u00e9e dans les semi-conducteurs, les \u00e9crans \u00e0 cristaux liquides, l'opto\u00e9lectronique, les instruments de pr\u00e9cision, la chimie, la biom\u00e9decine, les h\u00f4pitaux, l'alimentation, les instituts de recherche, les universit\u00e9s, l'a\u00e9rospatiale, l'automobile, les rev\u00eatements, l'imprimerie et d'autres domaines.<\/p>","protected":false},"excerpt":{"rendered":"<p>Le FFU d\u00e9montable avec filtre HEPA Geal Seal est un nouveau type de FFU sp\u00e9cialement d\u00e9velopp\u00e9 par notre soci\u00e9t\u00e9 conform\u00e9ment aux exigences strictes de l'atelier de nettoyage GMP de certaines usines pharmaceutiques. Son ventilateur FFU et son filtre \u00e0 haute efficacit\u00e9 sont amovibles.<\/p>","protected":false},"featured_media":3538,"template":"","meta":{"_acf_changed":false},"product_brand":[],"product_cat":[71],"product_tag":[],"class_list":{"0":"post-3537","1":"product","2":"type-product","3":"status-publish","4":"has-post-thumbnail","6":"product_cat-ffu-fan-filter-unit","8":"first","9":"instock","10":"shipping-taxable","11":"product-type-simple"},"acf":[],"_links":{"self":[{"href":"https:\/\/www.bacintl.com\/fr\/wp-json\/wp\/v2\/product\/3537","targetHints":{"allow":["GET"]}}],"collection":[{"href":"https:\/\/www.bacintl.com\/fr\/wp-json\/wp\/v2\/product"}],"about":[{"href":"https:\/\/www.bacintl.com\/fr\/wp-json\/wp\/v2\/types\/product"}],"wp:featuredmedia":[{"embeddable":true,"href":"https:\/\/www.bacintl.com\/fr\/wp-json\/wp\/v2\/media\/3538"}],"wp:attachment":[{"href":"https:\/\/www.bacintl.com\/fr\/wp-json\/wp\/v2\/media?parent=3537"}],"wp:term":[{"taxonomy":"product_brand","embeddable":true,"href":"https:\/\/www.bacintl.com\/fr\/wp-json\/wp\/v2\/product_brand?post=3537"},{"taxonomy":"product_cat","embeddable":true,"href":"https:\/\/www.bacintl.com\/fr\/wp-json\/wp\/v2\/product_cat?post=3537"},{"taxonomy":"product_tag","embeddable":true,"href":"https:\/\/www.bacintl.com\/fr\/wp-json\/wp\/v2\/product_tag?post=3537"}],"curies":[{"name":"wp","href":"https:\/\/api.w.org\/{rel}","templated":true}]}}