{"id":3524,"date":"2024-12-13T10:52:35","date_gmt":"2024-12-13T02:52:35","guid":{"rendered":"https:\/\/www.bacintl.com\/?post_type=product&#038;p=3524"},"modified":"2025-07-24T11:13:21","modified_gmt":"2025-07-24T03:13:21","slug":"vertical-laminar-flow-cabinet","status":"publish","type":"product","link":"https:\/\/www.bacintl.com\/fr\/vertical-laminar-flow-cabinet\/","title":{"rendered":"Armoire \u00e0 flux laminaire vertical"},"content":{"rendered":"<p>Le banc propre est largement utilis\u00e9 dans les d\u00e9partements de recherche scientifique et de production qui ont besoin d'un environnement de travail local propre, comme l'\u00e9lectronique, les instruments de pr\u00e9cision pour la d\u00e9fense, les compteurs, les produits biopharmaceutiques, l'alimentation, les tests microbiologiques st\u00e9riles, l'inoculation de cultures de tissus v\u00e9g\u00e9taux et d'autres industries. Il s'agit d'un \u00e9quipement d'a\u00e9ration tr\u00e8s polyvalent qui fournit un environnement local de haute puret\u00e9. Son utilisation permet d'am\u00e9liorer les conditions du processus, la qualit\u00e9 du produit et le taux de rendement.<\/p>","protected":false},"excerpt":{"rendered":"<p>Dans le cas d'une armoire \u00e0 flux vertical, l'air circule du haut de l'unit\u00e9 vers la surface de travail en passant par des filtres. Il est utilis\u00e9 pour emp\u00eacher les gaz ext\u00e9rieurs de p\u00e9n\u00e9trer dans l'armoire et pour maintenir les odeurs particuli\u00e8res de la zone de travail \u00e0 l'\u00e9cart du corps humain.<\/p>","protected":false},"featured_media":3525,"template":"","meta":{"_acf_changed":false},"product_brand":[],"product_cat":[76],"product_tag":[103,113,105],"class_list":{"0":"post-3524","1":"product","2":"type-product","3":"status-publish","4":"has-post-thumbnail","6":"product_cat-clean-bench-laminar-flow-cabinet","7":"product_tag-home-cleanroom-equipment","8":"product_tag-laboratory","9":"product_tag-solution-biopharmaceuticals","11":"first","12":"instock","13":"shipping-taxable","14":"product-type-simple"},"acf":[],"_links":{"self":[{"href":"https:\/\/www.bacintl.com\/fr\/wp-json\/wp\/v2\/product\/3524","targetHints":{"allow":["GET"]}}],"collection":[{"href":"https:\/\/www.bacintl.com\/fr\/wp-json\/wp\/v2\/product"}],"about":[{"href":"https:\/\/www.bacintl.com\/fr\/wp-json\/wp\/v2\/types\/product"}],"wp:featuredmedia":[{"embeddable":true,"href":"https:\/\/www.bacintl.com\/fr\/wp-json\/wp\/v2\/media\/3525"}],"wp:attachment":[{"href":"https:\/\/www.bacintl.com\/fr\/wp-json\/wp\/v2\/media?parent=3524"}],"wp:term":[{"taxonomy":"product_brand","embeddable":true,"href":"https:\/\/www.bacintl.com\/fr\/wp-json\/wp\/v2\/product_brand?post=3524"},{"taxonomy":"product_cat","embeddable":true,"href":"https:\/\/www.bacintl.com\/fr\/wp-json\/wp\/v2\/product_cat?post=3524"},{"taxonomy":"product_tag","embeddable":true,"href":"https:\/\/www.bacintl.com\/fr\/wp-json\/wp\/v2\/product_tag?post=3524"}],"curies":[{"name":"wp","href":"https:\/\/api.w.org\/{rel}","templated":true}]}}