{"id":3502,"date":"2024-12-13T10:37:57","date_gmt":"2024-12-13T02:37:57","guid":{"rendered":"https:\/\/www.bacintl.com\/?post_type=product&#038;p=3502"},"modified":"2025-07-24T14:05:05","modified_gmt":"2025-07-24T06:05:05","slug":"pass-box-1","status":"publish","type":"product","link":"https:\/\/www.bacintl.com\/fr\/pass-box-1\/","title":{"rendered":"Bo\u00eete de passage-1"},"content":{"rendered":"<p>La bo\u00eete de passage est un dispositif d'\u00e9puration install\u00e9 sur la cloison entre les zones propres de diff\u00e9rents niveaux et entre les zones propres et les zones non propres, utilis\u00e9 pour le transfert d'objets entre eux. La bo\u00eete de passage est le dispositif le plus efficace pour pr\u00e9venir la pollution. Sa caract\u00e9ristique est le double verrouillage des portes, qui r\u00e9duit efficacement le nombre de fois o\u00f9 les membres du personnel entrent dans la salle blanche pour transporter des articles et emp\u00eache l'air ext\u00e9rieur de p\u00e9n\u00e9trer dans la salle blanche. L'ensemble de l'\u00e9quipement est \u00e9conomique et abordable, et constitue le meilleur dispositif de transfert pour la salle blanche. La bo\u00eete de passage est largement utilis\u00e9e dans les micro-technologies, les laboratoires biologiques, les usines pharmaceutiques, les h\u00f4pitaux, l'industrie alimentaire, les usines d'\u00e9lectronique et d'autres lieux qui n\u00e9cessitent une purification de l'air.<\/p>","protected":false},"excerpt":{"rendered":"<p>La bo\u00eete de passage est une sorte d'\u00e9quipement auxiliaire pour les salles blanches. Elle est principalement utilis\u00e9e pour faire passer les petits articles entre la salle blanche et la salle sale ou entre deux salles blanches.<\/p>","protected":false},"featured_media":3503,"template":"","meta":{"_acf_changed":false},"product_brand":[],"product_cat":[69],"product_tag":[103,108],"class_list":{"0":"post-3502","1":"product","2":"type-product","3":"status-publish","4":"has-post-thumbnail","6":"product_cat-pass-box-catalog","7":"product_tag-home-cleanroom-equipment","8":"product_tag-solution-microelectronics","10":"first","11":"instock","12":"shipping-taxable","13":"product-type-simple"},"acf":[],"_links":{"self":[{"href":"https:\/\/www.bacintl.com\/fr\/wp-json\/wp\/v2\/product\/3502","targetHints":{"allow":["GET"]}}],"collection":[{"href":"https:\/\/www.bacintl.com\/fr\/wp-json\/wp\/v2\/product"}],"about":[{"href":"https:\/\/www.bacintl.com\/fr\/wp-json\/wp\/v2\/types\/product"}],"wp:featuredmedia":[{"embeddable":true,"href":"https:\/\/www.bacintl.com\/fr\/wp-json\/wp\/v2\/media\/3503"}],"wp:attachment":[{"href":"https:\/\/www.bacintl.com\/fr\/wp-json\/wp\/v2\/media?parent=3502"}],"wp:term":[{"taxonomy":"product_brand","embeddable":true,"href":"https:\/\/www.bacintl.com\/fr\/wp-json\/wp\/v2\/product_brand?post=3502"},{"taxonomy":"product_cat","embeddable":true,"href":"https:\/\/www.bacintl.com\/fr\/wp-json\/wp\/v2\/product_cat?post=3502"},{"taxonomy":"product_tag","embeddable":true,"href":"https:\/\/www.bacintl.com\/fr\/wp-json\/wp\/v2\/product_tag?post=3502"}],"curies":[{"name":"wp","href":"https:\/\/api.w.org\/{rel}","templated":true}]}}