{"id":3500,"date":"2024-12-13T10:36:31","date_gmt":"2024-12-13T02:36:31","guid":{"rendered":"https:\/\/www.bacintl.com\/?post_type=product&#038;p=3500"},"modified":"2025-02-14T15:07:21","modified_gmt":"2025-02-14T07:07:21","slug":"explosion-proof-air-shower","status":"publish","type":"product","link":"https:\/\/www.bacintl.com\/fr\/explosion-proof-air-shower\/","title":{"rendered":"Douche d'air antid\u00e9flagrante"},"content":{"rendered":"<p>La salle de douche \u00e0 air est un type d'\u00e9quipement de purification locale tr\u00e8s polyvalent. Elle est install\u00e9e sur le mur de s\u00e9paration entre la salle propre et la salle non propre et est utilis\u00e9e pour souffler et enlever la poussi\u00e8re lorsque des personnes ou des objets entrent dans la zone propre. Apr\u00e8s utilisation, il peut r\u00e9duire efficacement la source de poussi\u00e8re entrant dans la zone propre, de sorte que cette derni\u00e8re puisse conserver des conditions de travail normales. La salle de douche \u00e0 air est utilis\u00e9e pour souffler la poussi\u00e8re attach\u00e9e \u00e0 la surface des personnes et des objets, et agit en m\u00eame temps comme un sas pour emp\u00eacher l'air non purifi\u00e9 de p\u00e9n\u00e9trer dans la zone propre. Il s'agit d'un \u00e9quipement efficace pour purifier les personnes et les mat\u00e9riaux et emp\u00eacher l'air ext\u00e9rieur d'envahir la zone propre. Elle peut \u00eatre utilis\u00e9e en conjonction avec des salles et des ateliers propres. La salle de douche \u00e0 air peut \u00eatre \u00e9quip\u00e9e d'un chauffage en fonction des besoins de l'utilisateur. Elle peut \u00eatre chauff\u00e9e en hiver et la temp\u00e9rature est r\u00e9glable. En plus d'avoir un certain effet de purification, la salle de douche sert de limite \u00e0 l'entr\u00e9e de la zone propre et a une fonction d'avertissement, ce qui permet de r\u00e9guler les activit\u00e9s du personnel de la salle propre dans la salle propre.<\/p>","protected":false},"excerpt":{"rendered":"<p>Le contr\u00f4leur \u00e0 microprocesseur peut apporter aux clients un plus grand degr\u00e9 d'autonomie op\u00e9rationnelle et une plus grande pr\u00e9cision. Contrairement au mode de fonctionnement fixe des douches \u00e0 air conventionnelles, les douches \u00e0 air antid\u00e9flagrantes permettent aux utilisateurs de choisir trois modes de fonctionnement diff\u00e9rents.<\/p>","protected":false},"featured_media":3501,"template":"","meta":{"_acf_changed":false},"product_brand":[],"product_cat":[68],"product_tag":[],"class_list":{"0":"post-3500","1":"product","2":"type-product","3":"status-publish","4":"has-post-thumbnail","6":"product_cat-air-shower-cargo-air-shower","8":"first","9":"instock","10":"shipping-taxable","11":"product-type-simple"},"acf":[],"_links":{"self":[{"href":"https:\/\/www.bacintl.com\/fr\/wp-json\/wp\/v2\/product\/3500","targetHints":{"allow":["GET"]}}],"collection":[{"href":"https:\/\/www.bacintl.com\/fr\/wp-json\/wp\/v2\/product"}],"about":[{"href":"https:\/\/www.bacintl.com\/fr\/wp-json\/wp\/v2\/types\/product"}],"wp:featuredmedia":[{"embeddable":true,"href":"https:\/\/www.bacintl.com\/fr\/wp-json\/wp\/v2\/media\/3501"}],"wp:attachment":[{"href":"https:\/\/www.bacintl.com\/fr\/wp-json\/wp\/v2\/media?parent=3500"}],"wp:term":[{"taxonomy":"product_brand","embeddable":true,"href":"https:\/\/www.bacintl.com\/fr\/wp-json\/wp\/v2\/product_brand?post=3500"},{"taxonomy":"product_cat","embeddable":true,"href":"https:\/\/www.bacintl.com\/fr\/wp-json\/wp\/v2\/product_cat?post=3500"},{"taxonomy":"product_tag","embeddable":true,"href":"https:\/\/www.bacintl.com\/fr\/wp-json\/wp\/v2\/product_tag?post=3500"}],"curies":[{"name":"wp","href":"https:\/\/api.w.org\/{rel}","templated":true}]}}