{"id":3478,"date":"2024-12-12T17:02:02","date_gmt":"2024-12-12T09:02:02","guid":{"rendered":"https:\/\/www.bacintl.com\/?post_type=product&#038;p=3478"},"modified":"2025-07-24T14:14:25","modified_gmt":"2025-07-24T06:14:25","slug":"return-air-louver","status":"publish","type":"product","link":"https:\/\/www.bacintl.com\/fr\/return-air-louver\/","title":{"rendered":"Grille de reprise d'air"},"content":{"rendered":"<p>Il s'agit d'un \u00e9l\u00e9ment important du syst\u00e8me de purification de l'air. Le gaz pollu\u00e9 g\u00e9n\u00e9r\u00e9 par les activit\u00e9s de production dans la salle blanche est appel\u00e9 sortie de reprise d'air \u00e0 haut rendement lorsque le gaz purifi\u00e9 est raccord\u00e9 au conduit de reprise d'air, et sortie d'\u00e9vacuation \u00e0 haut rendement lorsqu'il est raccord\u00e9 au conduit d'\u00e9vacuation. Il est principalement utilis\u00e9 dans les salles d'op\u00e9ration des h\u00f4pitaux, les salles blanches et d'autres lieux o\u00f9 les exigences en mati\u00e8re de propret\u00e9 de l'air sont \u00e9lev\u00e9es.<\/p>","protected":false},"excerpt":{"rendered":"<p>Unit\u00e9s modulaires de sorties d'air en acier produites pour les salles blanches. Lorsque les ouvriers construisent des projets de salles blanches, ils n'ont plus besoin de couper les plaques murales. Les unit\u00e9s de sortie d'air en acier sont de type ouvert, avec des filets en nylon install\u00e9s \u00e0 l'int\u00e9rieur. Elles sont plus s\u00fbres que les grilles en aluminium, faciles \u00e0 nettoyer et adapt\u00e9es \u00e0 toutes les classes de salles blanches.<\/p>","protected":false},"featured_media":3479,"template":"","meta":{"_acf_changed":false},"product_brand":[],"product_cat":[88],"product_tag":[105,111,109],"class_list":{"0":"post-3478","1":"product","2":"type-product","3":"status-publish","4":"has-post-thumbnail","6":"product_cat-clean-room-supporting-materials","7":"product_tag-solution-biopharmaceuticals","8":"product_tag-solution-food-beverage","9":"product_tag-solution-precision-manufacturing","11":"first","12":"instock","13":"shipping-taxable","14":"product-type-simple"},"acf":[],"_links":{"self":[{"href":"https:\/\/www.bacintl.com\/fr\/wp-json\/wp\/v2\/product\/3478","targetHints":{"allow":["GET"]}}],"collection":[{"href":"https:\/\/www.bacintl.com\/fr\/wp-json\/wp\/v2\/product"}],"about":[{"href":"https:\/\/www.bacintl.com\/fr\/wp-json\/wp\/v2\/types\/product"}],"wp:featuredmedia":[{"embeddable":true,"href":"https:\/\/www.bacintl.com\/fr\/wp-json\/wp\/v2\/media\/3479"}],"wp:attachment":[{"href":"https:\/\/www.bacintl.com\/fr\/wp-json\/wp\/v2\/media?parent=3478"}],"wp:term":[{"taxonomy":"product_brand","embeddable":true,"href":"https:\/\/www.bacintl.com\/fr\/wp-json\/wp\/v2\/product_brand?post=3478"},{"taxonomy":"product_cat","embeddable":true,"href":"https:\/\/www.bacintl.com\/fr\/wp-json\/wp\/v2\/product_cat?post=3478"},{"taxonomy":"product_tag","embeddable":true,"href":"https:\/\/www.bacintl.com\/fr\/wp-json\/wp\/v2\/product_tag?post=3478"}],"curies":[{"name":"wp","href":"https:\/\/api.w.org\/{rel}","templated":true}]}}