{"id":3476,"date":"2024-12-12T17:01:09","date_gmt":"2024-12-12T09:01:09","guid":{"rendered":"https:\/\/www.bacintl.com\/?post_type=product&#038;p=3476"},"modified":"2025-07-24T11:48:47","modified_gmt":"2025-07-24T03:48:47","slug":"pvc-floor","status":"publish","type":"product","link":"https:\/\/www.bacintl.com\/fr\/pvc-floor\/","title":{"rendered":"Sol en PVC"},"content":{"rendered":"<p>Le sol en PVC des salles blanches est un sol de haute qualit\u00e9 compos\u00e9 de PVC, de sable et de pierre r\u00e9sistants \u00e0 l'usure. Il est l\u00e9ger, r\u00e9sistant \u00e0 l'usure, beau et antibact\u00e9rien. Il est divis\u00e9 en s\u00e9ries homog\u00e8nes p\u00e9n\u00e9trantes, composites, sportives, antid\u00e9rapantes, antistatiques et conductrices. Il a un large \u00e9ventail d'utilisations et ses sp\u00e9cifications comprennent les blocs et les rouleaux. Il s'agit d'un nouveau type de mat\u00e9riau de construction et d'un produit moderne respectueux de l'environnement. Champ d'application : surface de marbre ancien correctement trait\u00e9e, surface de terrazzo, surface de carreaux lisses, surface de panneaux de bois suspendus, sol coul\u00e9 en ciment et pavage de surface m\u00e9tallique sp\u00e9cifique. Il est largement utilis\u00e9 dans les h\u00f4pitaux, les immeubles de bureaux, les entreprises industrielles et mini\u00e8res, les \u00e9coles, les h\u00f4tels et autres lieux.<\/p>","protected":false},"excerpt":{"rendered":"<p>Le \"sol en PVC\" d\u00e9signe le sol fabriqu\u00e9 \u00e0 partir de mat\u00e9riaux en chlorure de polyvinyle. Plus pr\u00e9cis\u00e9ment, il est constitu\u00e9 de chlorure de polyvinyle et de sa r\u00e9sine copolym\u00e8re en tant que mati\u00e8res premi\u00e8res principales, auxquelles sont ajout\u00e9s des charges, des plastifiants, des stabilisants, des colorants et d'autres mat\u00e9riaux auxiliaires, et il est produit sur un substrat continu en forme de feuille par un processus d'enduction ou un processus de calandrage, d'extrusion ou d'extrusion.<\/p>","protected":false},"featured_media":3477,"template":"","meta":{"_acf_changed":false},"product_brand":[],"product_cat":[88],"product_tag":[104,113,105,111],"class_list":{"0":"post-3476","1":"product","2":"type-product","3":"status-publish","4":"has-post-thumbnail","6":"product_cat-clean-room-supporting-materials","7":"product_tag-home-modular-cleanroom","8":"product_tag-laboratory","9":"product_tag-solution-biopharmaceuticals","10":"product_tag-solution-food-beverage","12":"first","13":"instock","14":"shipping-taxable","15":"product-type-simple"},"acf":[],"_links":{"self":[{"href":"https:\/\/www.bacintl.com\/fr\/wp-json\/wp\/v2\/product\/3476","targetHints":{"allow":["GET"]}}],"collection":[{"href":"https:\/\/www.bacintl.com\/fr\/wp-json\/wp\/v2\/product"}],"about":[{"href":"https:\/\/www.bacintl.com\/fr\/wp-json\/wp\/v2\/types\/product"}],"wp:featuredmedia":[{"embeddable":true,"href":"https:\/\/www.bacintl.com\/fr\/wp-json\/wp\/v2\/media\/3477"}],"wp:attachment":[{"href":"https:\/\/www.bacintl.com\/fr\/wp-json\/wp\/v2\/media?parent=3476"}],"wp:term":[{"taxonomy":"product_brand","embeddable":true,"href":"https:\/\/www.bacintl.com\/fr\/wp-json\/wp\/v2\/product_brand?post=3476"},{"taxonomy":"product_cat","embeddable":true,"href":"https:\/\/www.bacintl.com\/fr\/wp-json\/wp\/v2\/product_cat?post=3476"},{"taxonomy":"product_tag","embeddable":true,"href":"https:\/\/www.bacintl.com\/fr\/wp-json\/wp\/v2\/product_tag?post=3476"}],"curies":[{"name":"wp","href":"https:\/\/api.w.org\/{rel}","templated":true}]}}