{"id":3469,"date":"2024-12-12T16:55:25","date_gmt":"2024-12-12T08:55:25","guid":{"rendered":"https:\/\/www.bacintl.com\/?post_type=product&#038;p=3469"},"modified":"2025-02-15T16:16:19","modified_gmt":"2025-02-15T08:16:19","slug":"fume-hoods","status":"publish","type":"product","link":"https:\/\/www.bacintl.com\/fr\/fume-hoods\/","title":{"rendered":"Hottes"},"content":{"rendered":"<p>Les hottes sont un \u00e9l\u00e9ment indispensable du mobilier de laboratoire. Elles jouent un r\u00f4le d'aspiration et de ventilation dans le laboratoire. La structure de la hotte est de haut en bas, avec des trous d'\u00e9vacuation sur le dessus, o\u00f9 des ventilateurs peuvent \u00eatre install\u00e9s. L'armoire sup\u00e9rieure comporte des plaques de guidage, des interrupteurs tactiles de contr\u00f4le des circuits, des prises de courant, etc. La fen\u00eatre panoramique est en verre tremp\u00e9 et peut \u00eatre d\u00e9plac\u00e9e de gauche \u00e0 droite ou de haut en bas. Il est facile \u00e0 utiliser. Le meuble inf\u00e9rieur adopte le style d'une table d'appoint exp\u00e9rimentale, avec un plan de travail sur le dessus et un corps de meuble en dessous. De petits gobelets d'eau et des robinets peuvent \u00eatre install\u00e9s sur le comptoir. Les mat\u00e9riaux de la hotte sont vari\u00e9s : tout acier, acier-bois, tout bois, aluminium-bois, plastique-acier, structure en PVC, etc. Le plan de travail est l'endroit qui entre directement en contact avec l'op\u00e9rateur. Il est compos\u00e9 de panneaux physiques et chimiques solides, de plaques d'acier inoxydable, de PVC, de c\u00e9ramiques et d'autres mat\u00e9riaux. La hotte est g\u00e9n\u00e9ralement install\u00e9e contre le mur. Au milieu de la fa\u00e7ade se trouve une porte transparente qui peut \u00eatre d\u00e9plac\u00e9e de haut en bas (la plupart du temps en verre) et dont la hauteur d'ouverture est g\u00e9n\u00e9ralement comprise entre 100 et 600 mm. Derri\u00e8re la porte se trouve la surface de travail pour l'exp\u00e9rience, avec des connexions pour les exp\u00e9riences telles que les conduites d'eau, les \u00e9gouts, les alimentations \u00e9lectriques, les pompes \u00e0 vide, les conduites de gaz, etc. et des lampes avec des couvercles de protection pour l'\u00e9clairage. Une fois que l'air est aspir\u00e9 par le ventilateur d'extraction situ\u00e9 en haut \u00e0 l'avant de l'armoire, il est soit conduit vers un autre endroit par un conduit (appel\u00e9 ventilation compl\u00e8te), soit filtr\u00e9 et recycl\u00e9 (appel\u00e9 ventilation sans conduit). La plupart des hottes \u00e9mettent une alarme pour rappeler \u00e0 l'op\u00e9rateur que (1) le volume d'extraction est trop faible ou que (2) la porte vitr\u00e9e avant est ouverte trop largement. En r\u00e8gle g\u00e9n\u00e9rale, la vitesse du vent au niveau de l'orifice d'utilisation apr\u00e8s l'ouverture de la porte vitr\u00e9e ne doit pas \u00eatre inf\u00e9rieure \u00e0 0,5 m\/s. La vitesse du ventilateur d'extraction interne et l'\u00e9clairage sont r\u00e9glables. Lors de l'utilisation, la personne se tient debout ou assise devant l'armoire, abaisse la porte vitr\u00e9e autant que possible et p\u00e9n\u00e8tre dans l'armoire par la porte pour effectuer des exp\u00e9riences. Comme le ventilateur d'extraction aspire l'air vers l'int\u00e9rieur par la porte ouverte, les gaz nocifs ne se r\u00e9pandent pas en grandes quantit\u00e9s dans des circonstances normales.<\/p>","protected":false},"excerpt":{"rendered":"<p>La hotte en acier inoxydable est un type d'\u00e9quipement utilis\u00e9 dans les laboratoires, principalement pour \u00e9vacuer les gaz nocifs dans la pi\u00e8ce et assurer la qualit\u00e9 de l'air dans le laboratoire. Ses principaux composants sont l'armoire, l'entr\u00e9e d'air, le filtre, le dispositif d'\u00e9vacuation et le syst\u00e8me de contr\u00f4le, etc.<\/p>","protected":false},"featured_media":3471,"template":"","meta":{"_acf_changed":false},"product_brand":[],"product_cat":[88],"product_tag":[104,105],"class_list":{"0":"post-3469","1":"product","2":"type-product","3":"status-publish","4":"has-post-thumbnail","6":"product_cat-clean-room-supporting-materials","7":"product_tag-home-modular-cleanroom","8":"product_tag-solution-biopharmaceuticals","10":"first","11":"instock","12":"shipping-taxable","13":"product-type-simple"},"acf":[],"_links":{"self":[{"href":"https:\/\/www.bacintl.com\/fr\/wp-json\/wp\/v2\/product\/3469","targetHints":{"allow":["GET"]}}],"collection":[{"href":"https:\/\/www.bacintl.com\/fr\/wp-json\/wp\/v2\/product"}],"about":[{"href":"https:\/\/www.bacintl.com\/fr\/wp-json\/wp\/v2\/types\/product"}],"wp:featuredmedia":[{"embeddable":true,"href":"https:\/\/www.bacintl.com\/fr\/wp-json\/wp\/v2\/media\/3471"}],"wp:attachment":[{"href":"https:\/\/www.bacintl.com\/fr\/wp-json\/wp\/v2\/media?parent=3469"}],"wp:term":[{"taxonomy":"product_brand","embeddable":true,"href":"https:\/\/www.bacintl.com\/fr\/wp-json\/wp\/v2\/product_brand?post=3469"},{"taxonomy":"product_cat","embeddable":true,"href":"https:\/\/www.bacintl.com\/fr\/wp-json\/wp\/v2\/product_cat?post=3469"},{"taxonomy":"product_tag","embeddable":true,"href":"https:\/\/www.bacintl.com\/fr\/wp-json\/wp\/v2\/product_tag?post=3469"}],"curies":[{"name":"wp","href":"https:\/\/api.w.org\/{rel}","templated":true}]}}