{"id":3465,"date":"2024-12-12T16:54:05","date_gmt":"2024-12-12T08:54:05","guid":{"rendered":"https:\/\/www.bacintl.com\/?post_type=product&#038;p=3465"},"modified":"2025-07-24T14:12:05","modified_gmt":"2025-07-24T06:12:05","slug":"laboratory-bench","status":"publish","type":"product","link":"https:\/\/www.bacintl.com\/fr\/laboratory-bench\/","title":{"rendered":"Banc de laboratoire"},"content":{"rendered":"<p>La paillasse de laboratoire est un produit dont l'\u00e9ventail d'applications est particuli\u00e8rement large. Elle est principalement utilis\u00e9e dans les h\u00f4pitaux, les \u00e9coles, la synth\u00e8se chimique, la biopharmacie, la recherche scientifique et le d\u00e9veloppement, ainsi que dans diverses institutions d'essai. Il est possible d'y r\u00e9aliser diverses exp\u00e9riences et d'y placer diff\u00e9rents instruments.<\/p>","protected":false},"excerpt":{"rendered":"<p>La table de laboratoire est une table utilis\u00e9e par les h\u00f4pitaux, les \u00e9coles, les usines chimiques, les instituts de recherche scientifique et d'autres entreprises et institutions pour les essais exp\u00e9rimentaux et le stockage des instruments.<\/p>","protected":false},"featured_media":3466,"template":"","meta":{"_acf_changed":false},"product_brand":[],"product_cat":[88],"product_tag":[113],"class_list":{"0":"post-3465","1":"product","2":"type-product","3":"status-publish","4":"has-post-thumbnail","6":"product_cat-clean-room-supporting-materials","7":"product_tag-laboratory","9":"first","10":"instock","11":"shipping-taxable","12":"product-type-simple"},"acf":[],"_links":{"self":[{"href":"https:\/\/www.bacintl.com\/fr\/wp-json\/wp\/v2\/product\/3465","targetHints":{"allow":["GET"]}}],"collection":[{"href":"https:\/\/www.bacintl.com\/fr\/wp-json\/wp\/v2\/product"}],"about":[{"href":"https:\/\/www.bacintl.com\/fr\/wp-json\/wp\/v2\/types\/product"}],"wp:featuredmedia":[{"embeddable":true,"href":"https:\/\/www.bacintl.com\/fr\/wp-json\/wp\/v2\/media\/3466"}],"wp:attachment":[{"href":"https:\/\/www.bacintl.com\/fr\/wp-json\/wp\/v2\/media?parent=3465"}],"wp:term":[{"taxonomy":"product_brand","embeddable":true,"href":"https:\/\/www.bacintl.com\/fr\/wp-json\/wp\/v2\/product_brand?post=3465"},{"taxonomy":"product_cat","embeddable":true,"href":"https:\/\/www.bacintl.com\/fr\/wp-json\/wp\/v2\/product_cat?post=3465"},{"taxonomy":"product_tag","embeddable":true,"href":"https:\/\/www.bacintl.com\/fr\/wp-json\/wp\/v2\/product_tag?post=3465"}],"curies":[{"name":"wp","href":"https:\/\/api.w.org\/{rel}","templated":true}]}}