{"id":3464,"date":"2024-12-12T16:53:02","date_gmt":"2024-12-12T08:53:02","guid":{"rendered":"https:\/\/www.bacintl.com\/?post_type=product&#038;p=3464"},"modified":"2025-02-15T16:12:14","modified_gmt":"2025-02-15T08:12:14","slug":"clean-room-window","status":"publish","type":"product","link":"https:\/\/www.bacintl.com\/fr\/clean-room-window\/","title":{"rendered":"Fen\u00eatre de la salle blanche"},"content":{"rendered":"<p>La fen\u00eatre propre, en verre tremp\u00e9 creux de 5 mm \u00e0 double couche, peut \u00eatre associ\u00e9e \u00e0 un panneau fabriqu\u00e9 \u00e0 la machine ou \u00e0 la main pour cr\u00e9er l'int\u00e9gration d'un panneau de salle blanche et d'un plan de fen\u00eatre, avec un bel effet d'ensemble, de bonnes performances d'\u00e9tanch\u00e9it\u00e9, une bonne isolation acoustique et un bon effet d'isolation thermique. La fen\u00eatre propre peut \u00eatre associ\u00e9e \u00e0 un panneau de 50 mm fabriqu\u00e9 \u00e0 la main ou \u00e0 la machine, ce qui permet de rem\u00e9dier aux inconv\u00e9nients des fen\u00eatres en verre traditionnelles, \u00e0 savoir la faible pr\u00e9cision, l'absence d'\u00e9tanch\u00e9it\u00e9 et la facilit\u00e9 d'embuage, et constitue un bon choix pour la nouvelle g\u00e9n\u00e9ration de fen\u00eatres d'observation des applications industrielles dans les espaces propres. La fen\u00eatre propre \u00e0 double couche est un verre creux \u00e0 double couche qui pr\u00e9sente de bonnes performances en mati\u00e8re d'\u00e9tanch\u00e9it\u00e9 et d'isolation thermique. En fonction de la forme, elle peut \u00eatre divis\u00e9e en fen\u00eatre de purification \u00e0 bord arrondi et \u00e0 bord carr\u00e9 ; en fonction du mat\u00e9riau, elle peut \u00eatre divis\u00e9e en : fen\u00eatre de purification \u00e0 cadre moul\u00e9 en une seule fois ; fen\u00eatre de purification \u00e0 cadre en alliage d'aluminium ; fen\u00eatre de purification \u00e0 cadre en acier inoxydable. Largement utilis\u00e9e dans les projets de purification, couvrant les industries de la m\u00e9decine, de l'alimentation, des cosm\u00e9tiques et de la fabrication \u00e9lectronique.<\/p>","protected":false},"excerpt":{"rendered":"<p>La fen\u00eatre propre est principalement constitu\u00e9e de verre tremp\u00e9 double couche de 5 mm. Elle peut \u00eatre associ\u00e9e \u00e0 des panneaux fabriqu\u00e9s \u00e0 la machine et \u00e0 des panneaux fabriqu\u00e9s \u00e0 la main pour cr\u00e9er un panneau de salle blanche et une int\u00e9gration de plan de fen\u00eatre. L'effet global est magnifique, avec de bonnes performances d'\u00e9tanch\u00e9it\u00e9, une bonne isolation phonique et thermique. C'est un bon choix pour la nouvelle g\u00e9n\u00e9ration de fen\u00eatres d'observation des applications industrielles dans les espaces propres.<\/p>","protected":false},"featured_media":3457,"template":"","meta":{"_acf_changed":false},"product_brand":[],"product_cat":[88],"product_tag":[113,111,109],"class_list":{"0":"post-3464","1":"product","2":"type-product","3":"status-publish","4":"has-post-thumbnail","6":"product_cat-clean-room-supporting-materials","7":"product_tag-laboratory","8":"product_tag-solution-food-beverage","9":"product_tag-solution-precision-manufacturing","11":"first","12":"instock","13":"shipping-taxable","14":"product-type-simple"},"acf":[],"_links":{"self":[{"href":"https:\/\/www.bacintl.com\/fr\/wp-json\/wp\/v2\/product\/3464","targetHints":{"allow":["GET"]}}],"collection":[{"href":"https:\/\/www.bacintl.com\/fr\/wp-json\/wp\/v2\/product"}],"about":[{"href":"https:\/\/www.bacintl.com\/fr\/wp-json\/wp\/v2\/types\/product"}],"wp:featuredmedia":[{"embeddable":true,"href":"https:\/\/www.bacintl.com\/fr\/wp-json\/wp\/v2\/media\/3457"}],"wp:attachment":[{"href":"https:\/\/www.bacintl.com\/fr\/wp-json\/wp\/v2\/media?parent=3464"}],"wp:term":[{"taxonomy":"product_brand","embeddable":true,"href":"https:\/\/www.bacintl.com\/fr\/wp-json\/wp\/v2\/product_brand?post=3464"},{"taxonomy":"product_cat","embeddable":true,"href":"https:\/\/www.bacintl.com\/fr\/wp-json\/wp\/v2\/product_cat?post=3464"},{"taxonomy":"product_tag","embeddable":true,"href":"https:\/\/www.bacintl.com\/fr\/wp-json\/wp\/v2\/product_tag?post=3464"}],"curies":[{"name":"wp","href":"https:\/\/api.w.org\/{rel}","templated":true}]}}