{"id":3451,"date":"2024-12-12T16:47:05","date_gmt":"2024-12-12T08:47:05","guid":{"rendered":"https:\/\/www.bacintl.com\/?post_type=product&#038;p=3451"},"modified":"2025-07-24T11:44:09","modified_gmt":"2025-07-24T03:44:09","slug":"color-steel-plate","status":"publish","type":"product","link":"https:\/\/www.bacintl.com\/fr\/color-steel-plate\/","title":{"rendered":"Plaque d'acier couleur"},"content":{"rendered":"<p>Le type d'insertion \u00e0 rainure et languette est souvent utilis\u00e9, ce qui pr\u00e9sente les avantages d'une installation facile, d'un gain de temps, d'une \u00e9conomie de mat\u00e9riaux, d'une bonne plan\u00e9it\u00e9 et d'une grande r\u00e9sistance. Il est particuli\u00e8rement adapt\u00e9 aux plafonds suspendus et aux syst\u00e8mes de cloisons.<\/p>\n<p>Ils sont compos\u00e9s de deux couches de panneaux m\u00e9talliques form\u00e9s (ou d'autres mat\u00e9riaux) et d'une \u00e2me isolante en polym\u00e8re qui est mouss\u00e9e et m\u00fbrie directement entre les panneaux. Ces panneaux sandwichs finis sont faciles \u00e0 installer, l\u00e9gers et efficaces. Le syst\u00e8me de remplissage utilise \u00e9galement une structure mol\u00e9culaire \u00e0 cellules ferm\u00e9es pour emp\u00eacher la condensation de la vapeur d'eau.<\/p>","protected":false},"excerpt":{"rendered":"<p>Plaque d'acier color\u00e9Elle peut \u00eatre fabriqu\u00e9e \u00e0 partir de divers mat\u00e9riaux tels que la laine de roche, le nid d'abeille en papier, le panneau de verre et de magn\u00e9sium, le nid d'abeille en aluminium, l'oxyde de magn\u00e9sium, la roche siliceuse, le gypse, etc. et de divers mat\u00e9riaux de panneaux tels que la plaque d'acier color\u00e9, la plaque d'alliage d'aluminium rev\u00eatue de couleur, la plaque d'acier inoxydable, la plaque de titane et de zinc, etc.<\/p>","protected":false},"featured_media":3453,"template":"","meta":{"_acf_changed":false},"product_brand":[],"product_cat":[88],"product_tag":[113,105,109],"class_list":{"0":"post-3451","1":"product","2":"type-product","3":"status-publish","4":"has-post-thumbnail","6":"product_cat-clean-room-supporting-materials","7":"product_tag-laboratory","8":"product_tag-solution-biopharmaceuticals","9":"product_tag-solution-precision-manufacturing","11":"first","12":"instock","13":"shipping-taxable","14":"product-type-simple"},"acf":[],"_links":{"self":[{"href":"https:\/\/www.bacintl.com\/fr\/wp-json\/wp\/v2\/product\/3451","targetHints":{"allow":["GET"]}}],"collection":[{"href":"https:\/\/www.bacintl.com\/fr\/wp-json\/wp\/v2\/product"}],"about":[{"href":"https:\/\/www.bacintl.com\/fr\/wp-json\/wp\/v2\/types\/product"}],"wp:featuredmedia":[{"embeddable":true,"href":"https:\/\/www.bacintl.com\/fr\/wp-json\/wp\/v2\/media\/3453"}],"wp:attachment":[{"href":"https:\/\/www.bacintl.com\/fr\/wp-json\/wp\/v2\/media?parent=3451"}],"wp:term":[{"taxonomy":"product_brand","embeddable":true,"href":"https:\/\/www.bacintl.com\/fr\/wp-json\/wp\/v2\/product_brand?post=3451"},{"taxonomy":"product_cat","embeddable":true,"href":"https:\/\/www.bacintl.com\/fr\/wp-json\/wp\/v2\/product_cat?post=3451"},{"taxonomy":"product_tag","embeddable":true,"href":"https:\/\/www.bacintl.com\/fr\/wp-json\/wp\/v2\/product_tag?post=3451"}],"curies":[{"name":"wp","href":"https:\/\/api.w.org\/{rel}","templated":true}]}}