{"id":3449,"date":"2024-12-12T16:45:42","date_gmt":"2024-12-12T08:45:42","guid":{"rendered":"https:\/\/www.bacintl.com\/?post_type=product&#038;p=3449"},"modified":"2025-07-24T14:29:19","modified_gmt":"2025-07-24T06:29:19","slug":"modular-operating-room","status":"publish","type":"product","link":"https:\/\/www.bacintl.com\/fr\/modular-operating-room\/","title":{"rendered":"Salle d'op\u00e9ration modulaire"},"content":{"rendered":"<p>La salle d'op\u00e9ration modulaire propre est un concept de salle d'op\u00e9ration moderne. Elle adopte une technologie de construction modulaire pour fournir un environnement op\u00e9ratoire hautement propre, efficace et s\u00fbr. Gr\u00e2ce \u00e0 un contr\u00f4le strict des op\u00e9rations et des processus, la salle d'op\u00e9ration modulaire propre peut r\u00e9duire efficacement l'apparition d'infections postop\u00e9ratoires et d'infections crois\u00e9es, am\u00e9liorer la qualit\u00e9 de la chirurgie et l'efficacit\u00e9 du patient. La salle d'op\u00e9ration modulaire est un type de salle d'op\u00e9ration dans lequel la structure de l'enceinte de la salle d'op\u00e9ration et les produits de soutien sont assembl\u00e9s et install\u00e9s selon une m\u00e9thode de conception et de construction modulaire, ce qui permet de raccourcir efficacement la p\u00e9riode de construction, de r\u00e9duire les d\u00e9chets de construction et la pollution par la poussi\u00e8re, d'am\u00e9liorer la qualit\u00e9 du projet et de parvenir \u00e0 une construction \u00e9cologique.<\/p>","protected":false},"excerpt":{"rendered":"<p>La salle d'op\u00e9ration modulaire (salle d'op\u00e9ration \u00e0 installation rapide) est un concept de salle d'op\u00e9ration innovant. Il s'agit d'un ensemble de blocs de construction soigneusement con\u00e7us, qui transforment les diff\u00e9rentes parties fonctionnelles de la salle d'op\u00e9ration en modules ind\u00e9pendants dans l'usine. Ces modules comprennent la zone d'op\u00e9ration chirurgicale, la zone des \u00e9quipements, la zone du syst\u00e8me de purification et la zone de travail auxiliaire.<\/p>","protected":false},"featured_media":3450,"template":"","meta":{"_acf_changed":false},"product_brand":[],"product_cat":[87],"product_tag":[104,107],"class_list":{"0":"post-3449","1":"product","2":"type-product","3":"status-publish","4":"has-post-thumbnail","6":"product_cat-modular-operating-room","7":"product_tag-home-modular-cleanroom","8":"product_tag-solution-healthcare","10":"first","11":"instock","12":"shipping-taxable","13":"product-type-simple"},"acf":[],"_links":{"self":[{"href":"https:\/\/www.bacintl.com\/fr\/wp-json\/wp\/v2\/product\/3449","targetHints":{"allow":["GET"]}}],"collection":[{"href":"https:\/\/www.bacintl.com\/fr\/wp-json\/wp\/v2\/product"}],"about":[{"href":"https:\/\/www.bacintl.com\/fr\/wp-json\/wp\/v2\/types\/product"}],"wp:featuredmedia":[{"embeddable":true,"href":"https:\/\/www.bacintl.com\/fr\/wp-json\/wp\/v2\/media\/3450"}],"wp:attachment":[{"href":"https:\/\/www.bacintl.com\/fr\/wp-json\/wp\/v2\/media?parent=3449"}],"wp:term":[{"taxonomy":"product_brand","embeddable":true,"href":"https:\/\/www.bacintl.com\/fr\/wp-json\/wp\/v2\/product_brand?post=3449"},{"taxonomy":"product_cat","embeddable":true,"href":"https:\/\/www.bacintl.com\/fr\/wp-json\/wp\/v2\/product_cat?post=3449"},{"taxonomy":"product_tag","embeddable":true,"href":"https:\/\/www.bacintl.com\/fr\/wp-json\/wp\/v2\/product_tag?post=3449"}],"curies":[{"name":"wp","href":"https:\/\/api.w.org\/{rel}","templated":true}]}}