{"id":3445,"date":"2024-12-12T16:44:11","date_gmt":"2024-12-12T08:44:11","guid":{"rendered":"https:\/\/www.bacintl.com\/?post_type=product&#038;p=3445"},"modified":"2025-07-24T14:30:44","modified_gmt":"2025-07-24T06:30:44","slug":"modular-cleanroom","status":"publish","type":"product","link":"https:\/\/www.bacintl.com\/fr\/modular-cleanroom\/","title":{"rendered":"Salle blanche modulaire"},"content":{"rendered":"<p>Une salle blanche modulaire est une salle sp\u00e9cialement con\u00e7ue pour \u00e9liminer les polluants tels que les particules, l'air nocif et les bact\u00e9ries de l'air dans l'espace environnemental correspondant, et pour contr\u00f4ler la temp\u00e9rature int\u00e9rieure, la propret\u00e9, la pression int\u00e9rieure, la vitesse et la distribution du flux d'air, le bruit, les vibrations, l'\u00e9clairage et l'\u00e9lectricit\u00e9 statique dans une certaine plage requise.<\/p>","protected":false},"excerpt":{"rendered":"<p>Une salle blanche modulaire est un environnement contr\u00f4l\u00e9 autonome, construit avec des murs en panneaux solides et offrant une mobilit\u00e9 ou une reconfiguration ais\u00e9es.<\/p>","protected":false},"featured_media":3448,"template":"","meta":{"_acf_changed":false},"product_brand":[],"product_cat":[86],"product_tag":[104],"class_list":{"0":"post-3445","1":"product","2":"type-product","3":"status-publish","4":"has-post-thumbnail","6":"product_cat-modular-cleanroom-modular-cleanroom","7":"product_tag-home-modular-cleanroom","9":"first","10":"instock","11":"shipping-taxable","12":"product-type-simple"},"acf":[],"_links":{"self":[{"href":"https:\/\/www.bacintl.com\/fr\/wp-json\/wp\/v2\/product\/3445","targetHints":{"allow":["GET"]}}],"collection":[{"href":"https:\/\/www.bacintl.com\/fr\/wp-json\/wp\/v2\/product"}],"about":[{"href":"https:\/\/www.bacintl.com\/fr\/wp-json\/wp\/v2\/types\/product"}],"wp:featuredmedia":[{"embeddable":true,"href":"https:\/\/www.bacintl.com\/fr\/wp-json\/wp\/v2\/media\/3448"}],"wp:attachment":[{"href":"https:\/\/www.bacintl.com\/fr\/wp-json\/wp\/v2\/media?parent=3445"}],"wp:term":[{"taxonomy":"product_brand","embeddable":true,"href":"https:\/\/www.bacintl.com\/fr\/wp-json\/wp\/v2\/product_brand?post=3445"},{"taxonomy":"product_cat","embeddable":true,"href":"https:\/\/www.bacintl.com\/fr\/wp-json\/wp\/v2\/product_cat?post=3445"},{"taxonomy":"product_tag","embeddable":true,"href":"https:\/\/www.bacintl.com\/fr\/wp-json\/wp\/v2\/product_tag?post=3445"}],"curies":[{"name":"wp","href":"https:\/\/api.w.org\/{rel}","templated":true}]}}