{"id":3434,"date":"2024-12-12T16:31:38","date_gmt":"2024-12-12T08:31:38","guid":{"rendered":"https:\/\/www.bacintl.com\/?post_type=product&#038;p=3434"},"modified":"2025-02-13T15:14:31","modified_gmt":"2025-02-13T07:14:31","slug":"activated-carbon-adsorption-box","status":"publish","type":"product","link":"https:\/\/www.bacintl.com\/fr\/activated-carbon-adsorption-box\/","title":{"rendered":"Bo\u00eete d'adsorption au charbon actif"},"content":{"rendered":"<p>La bo\u00eete d'adsorption au charbon actif \u00e9change avec l'air ext\u00e9rieur par l'entr\u00e9e d'air, aspirant l'air contenant des polluants dans la bo\u00eete. Ce processus permet de r\u00e9partir uniform\u00e9ment l'air sur la couche d'adsorption du charbon actif, am\u00e9liorant ainsi l'efficacit\u00e9 de l'adsorption.<\/p>","protected":false},"excerpt":{"rendered":"<p>La bo\u00eete d'adsorption au charbon actif \u00e9change avec l'air ext\u00e9rieur par l'entr\u00e9e d'air, aspirant l'air contenant des polluants dans la bo\u00eete. Ce processus permet de r\u00e9partir uniform\u00e9ment l'air sur la couche d'adsorption du charbon actif, am\u00e9liorant ainsi l'efficacit\u00e9 de l'adsorption.<\/p>","protected":false},"featured_media":3971,"template":"","meta":{"_acf_changed":false},"product_brand":[],"product_cat":[66],"product_tag":[],"class_list":{"0":"post-3434","1":"product","2":"type-product","3":"status-publish","4":"has-post-thumbnail","6":"product_cat-air-filter-box","8":"first","9":"instock","10":"shipping-taxable","11":"product-type-simple"},"acf":[],"_links":{"self":[{"href":"https:\/\/www.bacintl.com\/fr\/wp-json\/wp\/v2\/product\/3434","targetHints":{"allow":["GET"]}}],"collection":[{"href":"https:\/\/www.bacintl.com\/fr\/wp-json\/wp\/v2\/product"}],"about":[{"href":"https:\/\/www.bacintl.com\/fr\/wp-json\/wp\/v2\/types\/product"}],"wp:featuredmedia":[{"embeddable":true,"href":"https:\/\/www.bacintl.com\/fr\/wp-json\/wp\/v2\/media\/3971"}],"wp:attachment":[{"href":"https:\/\/www.bacintl.com\/fr\/wp-json\/wp\/v2\/media?parent=3434"}],"wp:term":[{"taxonomy":"product_brand","embeddable":true,"href":"https:\/\/www.bacintl.com\/fr\/wp-json\/wp\/v2\/product_brand?post=3434"},{"taxonomy":"product_cat","embeddable":true,"href":"https:\/\/www.bacintl.com\/fr\/wp-json\/wp\/v2\/product_cat?post=3434"},{"taxonomy":"product_tag","embeddable":true,"href":"https:\/\/www.bacintl.com\/fr\/wp-json\/wp\/v2\/product_tag?post=3434"}],"curies":[{"name":"wp","href":"https:\/\/api.w.org\/{rel}","templated":true}]}}