{"id":3430,"date":"2024-12-12T16:29:17","date_gmt":"2024-12-12T08:29:17","guid":{"rendered":"https:\/\/www.bacintl.com\/?post_type=product&#038;p=3430"},"modified":"2025-02-13T14:44:34","modified_gmt":"2025-02-13T06:44:34","slug":"fresh-air-pressurized-cabinet","status":"publish","type":"product","link":"https:\/\/www.bacintl.com\/fr\/fresh-air-pressurized-cabinet\/","title":{"rendered":"Armoire pressuris\u00e9e \u00e0 air frais"},"content":{"rendered":"<p>Les armoires \u00e0 air frais sont largement utilis\u00e9es dans les syst\u00e8mes de ventilation des b\u00e2timents civils en raison de leur structure flexible et compacte, de leur faible niveau de bruit, de leur fonctionnement stable, de leur bonne capacit\u00e9 de r\u00e9glage du volume d'air et de la pression, et de leur longue dur\u00e9e de vie. Elles peuvent \u00e9galement \u00eatre utilis\u00e9es pour l'alimentation en air sous pression des b\u00e2timents pour la lutte contre les incendies, l'alimentation en air sous pression des climatiseurs de purification, etc. Ce sont des \u00e9quipements de purification de l'air tr\u00e8s efficaces.<\/p>","protected":false},"excerpt":{"rendered":"<p>L'armoire d'air frais pr\u00e9sente de bonnes performances d'\u00e9tanch\u00e9it\u00e9, est reli\u00e9e au conduit d'air et est \u00e9quip\u00e9e d'un filtre professionnel. L'armoire d'air frais effectue une filtration primaire de l'air frais afin de garantir que l'air distribu\u00e9 dans la pi\u00e8ce est frais et propre.<\/p>","protected":false},"featured_media":3961,"template":"","meta":{"_acf_changed":false},"product_brand":[],"product_cat":[66],"product_tag":[112,108],"class_list":{"0":"post-3430","1":"product","2":"type-product","3":"status-publish","4":"has-post-thumbnail","6":"product_cat-air-filter-box","7":"product_tag-solution-animal-husbandry","8":"product_tag-solution-microelectronics","10":"first","11":"instock","12":"shipping-taxable","13":"product-type-simple"},"acf":[],"_links":{"self":[{"href":"https:\/\/www.bacintl.com\/fr\/wp-json\/wp\/v2\/product\/3430","targetHints":{"allow":["GET"]}}],"collection":[{"href":"https:\/\/www.bacintl.com\/fr\/wp-json\/wp\/v2\/product"}],"about":[{"href":"https:\/\/www.bacintl.com\/fr\/wp-json\/wp\/v2\/types\/product"}],"wp:featuredmedia":[{"embeddable":true,"href":"https:\/\/www.bacintl.com\/fr\/wp-json\/wp\/v2\/media\/3961"}],"wp:attachment":[{"href":"https:\/\/www.bacintl.com\/fr\/wp-json\/wp\/v2\/media?parent=3430"}],"wp:term":[{"taxonomy":"product_brand","embeddable":true,"href":"https:\/\/www.bacintl.com\/fr\/wp-json\/wp\/v2\/product_brand?post=3430"},{"taxonomy":"product_cat","embeddable":true,"href":"https:\/\/www.bacintl.com\/fr\/wp-json\/wp\/v2\/product_cat?post=3430"},{"taxonomy":"product_tag","embeddable":true,"href":"https:\/\/www.bacintl.com\/fr\/wp-json\/wp\/v2\/product_tag?post=3430"}],"curies":[{"name":"wp","href":"https:\/\/api.w.org\/{rel}","templated":true}]}}