{"id":3428,"date":"2024-12-12T16:28:18","date_gmt":"2024-12-12T08:28:18","guid":{"rendered":"https:\/\/www.bacintl.com\/?post_type=product&#038;p=3428"},"modified":"2025-07-24T10:37:35","modified_gmt":"2025-07-24T02:37:35","slug":"air-purifier","status":"publish","type":"product","link":"https:\/\/www.bacintl.com\/fr\/air-purifier\/","title":{"rendered":"Purificateur d'air"},"content":{"rendered":"<p>Il est g\u00e9n\u00e9ralement compos\u00e9 d'un g\u00e9n\u00e9rateur d'ions n\u00e9gatifs \u00e0 circuit haute tension, d'un micro ventilateur, d'un filtre \u00e0 air et d'autres syst\u00e8mes. Ils sont largement utilis\u00e9s dans les laboratoires, les salles d'ordinateurs et d'autres lieux o\u00f9 la purification de l'air est n\u00e9cessaire, et ils sont tr\u00e8s utiles pour am\u00e9liorer la qualit\u00e9 de l'air int\u00e9rieur.<\/p>\n<p>L'enveloppe est fabriqu\u00e9e en t\u00f4le d'acier lamin\u00e9e \u00e0 froid ou en acier inoxydable et se compose d'un ventilateur, d'un filtre primaire, d'une bo\u00eete \u00e0 pression statique pour l'alimentation en air, d'un filtre \u00e0 haute efficacit\u00e9 et d'une plaque d'\u00e9coulement. Il est \u00e9quip\u00e9 d'une vitesse de vent r\u00e9glable, qui peut \u00eatre ajust\u00e9e en fonction des conditions r\u00e9elles. Le niveau de purification de la sortie d'air peut atteindre 100 niveaux.<\/p>\n<p>La partie inf\u00e9rieure peut \u00eatre munie de roulettes mobiles, de sorte que l'on peut \u00e9galement parler d'autonettoyeur mobile. Il peut \u00eatre d\u00e9plac\u00e9 jusqu'\u00e0 la position souhait\u00e9e, puis fix\u00e9 selon les besoins. Il est flexible et pratique \u00e0 utiliser. Il adopte un syst\u00e8me de ventilateur \u00e0 volume d'air variable avec r\u00e9gulation \u00e0 plusieurs vitesses et s\u00e9lection de chaque vitesse pour garantir que la vitesse du vent dans la zone de travail locale est toujours id\u00e9ale.<\/p>","protected":false},"excerpt":{"rendered":"<p>\u00c9liminer les contaminants de l'air pour cr\u00e9er un environnement d'air pur dans la r\u00e9gion \u00e0 l'int\u00e9rieur.<\/p>","protected":false},"featured_media":3429,"template":"","meta":{"_acf_changed":false},"product_brand":[],"product_cat":[65],"product_tag":[],"class_list":{"0":"post-3428","1":"product","2":"type-product","3":"status-publish","4":"has-post-thumbnail","6":"product_cat-air-purifier-catalog","8":"first","9":"instock","10":"shipping-taxable","11":"product-type-simple"},"acf":[],"_links":{"self":[{"href":"https:\/\/www.bacintl.com\/fr\/wp-json\/wp\/v2\/product\/3428","targetHints":{"allow":["GET"]}}],"collection":[{"href":"https:\/\/www.bacintl.com\/fr\/wp-json\/wp\/v2\/product"}],"about":[{"href":"https:\/\/www.bacintl.com\/fr\/wp-json\/wp\/v2\/types\/product"}],"wp:featuredmedia":[{"embeddable":true,"href":"https:\/\/www.bacintl.com\/fr\/wp-json\/wp\/v2\/media\/3429"}],"wp:attachment":[{"href":"https:\/\/www.bacintl.com\/fr\/wp-json\/wp\/v2\/media?parent=3428"}],"wp:term":[{"taxonomy":"product_brand","embeddable":true,"href":"https:\/\/www.bacintl.com\/fr\/wp-json\/wp\/v2\/product_brand?post=3428"},{"taxonomy":"product_cat","embeddable":true,"href":"https:\/\/www.bacintl.com\/fr\/wp-json\/wp\/v2\/product_cat?post=3428"},{"taxonomy":"product_tag","embeddable":true,"href":"https:\/\/www.bacintl.com\/fr\/wp-json\/wp\/v2\/product_tag?post=3428"}],"curies":[{"name":"wp","href":"https:\/\/api.w.org\/{rel}","templated":true}]}}