{"id":3406,"date":"2024-12-12T16:19:59","date_gmt":"2024-12-12T08:19:59","guid":{"rendered":"https:\/\/www.bacintl.com\/?post_type=product&#038;p=3406"},"modified":"2025-07-24T11:53:30","modified_gmt":"2025-07-24T03:53:30","slug":"box-type-chemical-filter","status":"publish","type":"product","link":"https:\/\/www.bacintl.com\/fr\/box-type-chemical-filter\/","title":{"rendered":"Filtre chimique de type bo\u00eete"},"content":{"rendered":"<p>Il s'agit d'un dispositif de filtration de l'air \u00e0 haute efficacit\u00e9 qui peut \u00e9liminer les polluants gazeux de l'air. Il est \u00e9galement appel\u00e9 filtre \u00e0 charbon actif ou filtre \u00e0 air chimique. La diff\u00e9rence avec un filtre \u00e0 air ordinaire est qu'il utilise du charbon actif comme principal mat\u00e9riau filtrant, qui peut absorber et \u00e9liminer les substances nocives telles que les gaz toxiques, les odeurs et les gaz corrosifs pr\u00e9sents dans l'air. Gr\u00e2ce \u00e0 sa fonction sp\u00e9ciale, le filtre chimique plat peut am\u00e9liorer efficacement la qualit\u00e9 de l'air int\u00e9rieur, prot\u00e9ger la sant\u00e9 des personnes et am\u00e9liorer la qualit\u00e9 des produits.<\/p>","protected":false},"excerpt":{"rendered":"<p>une petite taille de pore (&lt;50A), une grande capacit\u00e9 d&#039;adsorption, une adsorption rapide et une r\u00e9g\u00e9n\u00e9ration rapide<\/p>","protected":false},"featured_media":3930,"template":"","meta":{"_acf_changed":false},"product_brand":[],"product_cat":[63],"product_tag":[113,107],"class_list":{"0":"post-3406","1":"product","2":"type-product","3":"status-publish","4":"has-post-thumbnail","6":"product_cat-chemical-filters","7":"product_tag-laboratory","8":"product_tag-solution-healthcare","10":"first","11":"instock","12":"shipping-taxable","13":"product-type-simple"},"acf":[],"_links":{"self":[{"href":"https:\/\/www.bacintl.com\/fr\/wp-json\/wp\/v2\/product\/3406","targetHints":{"allow":["GET"]}}],"collection":[{"href":"https:\/\/www.bacintl.com\/fr\/wp-json\/wp\/v2\/product"}],"about":[{"href":"https:\/\/www.bacintl.com\/fr\/wp-json\/wp\/v2\/types\/product"}],"wp:featuredmedia":[{"embeddable":true,"href":"https:\/\/www.bacintl.com\/fr\/wp-json\/wp\/v2\/media\/3930"}],"wp:attachment":[{"href":"https:\/\/www.bacintl.com\/fr\/wp-json\/wp\/v2\/media?parent=3406"}],"wp:term":[{"taxonomy":"product_brand","embeddable":true,"href":"https:\/\/www.bacintl.com\/fr\/wp-json\/wp\/v2\/product_brand?post=3406"},{"taxonomy":"product_cat","embeddable":true,"href":"https:\/\/www.bacintl.com\/fr\/wp-json\/wp\/v2\/product_cat?post=3406"},{"taxonomy":"product_tag","embeddable":true,"href":"https:\/\/www.bacintl.com\/fr\/wp-json\/wp\/v2\/product_tag?post=3406"}],"curies":[{"name":"wp","href":"https:\/\/api.w.org\/{rel}","templated":true}]}}