{"id":3403,"date":"2024-12-12T16:18:41","date_gmt":"2024-12-12T08:18:41","guid":{"rendered":"https:\/\/www.bacintl.com\/?post_type=product&#038;p=3403"},"modified":"2025-02-12T15:29:19","modified_gmt":"2025-02-12T07:29:19","slug":"panel-type-chemical-filter","status":"publish","type":"product","link":"https:\/\/www.bacintl.com\/fr\/panel-type-chemical-filter\/","title":{"rendered":"Filtre chimique \u00e0 panneaux"},"content":{"rendered":"<p>Les filtres chimiques adsorbent s\u00e9lectivement les mol\u00e9cules de polluants gazeux, contrairement aux filtres de d\u00e9poussi\u00e9rage qui interceptent m\u00e9caniquement les impuret\u00e9s. L'adsorption est le ph\u00e9nom\u00e8ne d'adsorption de mol\u00e9cules de gaz ou de liquide \u00e0 la surface de substances solides, les substances solides \u00e9tant appel\u00e9es adsorbants et les substances adsorb\u00e9es \u00e9tant appel\u00e9es adsorbats. L'adsorption peut \u00eatre divis\u00e9e en adsorption physique et adsorption chimique. L'adsorption physique repose principalement sur les forces de van der Waals, souvent \u00e0 basse temp\u00e9rature, et le processus est r\u00e9versible. Pour certains gaz (tels que l'ammoniac et le sulfure d'hydrog\u00e8ne), la capacit\u00e9 d'adsorption du charbon actif ordinaire est limit\u00e9e. C'est pourquoi les gens les traitent souvent chimiquement afin d'am\u00e9liorer leur capacit\u00e9 \u00e0 \u00e9liminer des polluants sp\u00e9cifiques. L'adsorption de mat\u00e9riaux adsorbants trait\u00e9s chimiquement et de gaz nocifs est appel\u00e9e adsorption chimique, et le processus est irr\u00e9versible. Le processus d'adsorption peut \u00eatre divis\u00e9 en trois \u00e9tapes : les mol\u00e9cules de gaz diffusent vers la surface ext\u00e9rieure du charbon actif (diffusion externe) ; les mol\u00e9cules de gaz diffusent vers la surface int\u00e9rieure dans les micropores du charbon actif (diffusion interne) ; les mol\u00e9cules de gaz sont adsorb\u00e9es sur la surface int\u00e9rieure du charbon actif.<\/p>","protected":false},"excerpt":{"rendered":"<p>Grande surface d'adsorption, forte performance d'adsorption, teneur \u00e9lev\u00e9e en charbon actif, bonne performance de ventilation, faible r\u00e9sistance, longue dur\u00e9e de vie et faible co\u00fbt Adsorption efficace des gaz r\u00e9siduaires industriels<\/p>","protected":false},"featured_media":3928,"template":"","meta":{"_acf_changed":false},"product_brand":[],"product_cat":[63],"product_tag":[105],"class_list":{"0":"post-3403","1":"product","2":"type-product","3":"status-publish","4":"has-post-thumbnail","6":"product_cat-chemical-filters","7":"product_tag-solution-biopharmaceuticals","9":"first","10":"instock","11":"shipping-taxable","12":"product-type-simple"},"acf":[],"_links":{"self":[{"href":"https:\/\/www.bacintl.com\/fr\/wp-json\/wp\/v2\/product\/3403","targetHints":{"allow":["GET"]}}],"collection":[{"href":"https:\/\/www.bacintl.com\/fr\/wp-json\/wp\/v2\/product"}],"about":[{"href":"https:\/\/www.bacintl.com\/fr\/wp-json\/wp\/v2\/types\/product"}],"wp:featuredmedia":[{"embeddable":true,"href":"https:\/\/www.bacintl.com\/fr\/wp-json\/wp\/v2\/media\/3928"}],"wp:attachment":[{"href":"https:\/\/www.bacintl.com\/fr\/wp-json\/wp\/v2\/media?parent=3403"}],"wp:term":[{"taxonomy":"product_brand","embeddable":true,"href":"https:\/\/www.bacintl.com\/fr\/wp-json\/wp\/v2\/product_brand?post=3403"},{"taxonomy":"product_cat","embeddable":true,"href":"https:\/\/www.bacintl.com\/fr\/wp-json\/wp\/v2\/product_cat?post=3403"},{"taxonomy":"product_tag","embeddable":true,"href":"https:\/\/www.bacintl.com\/fr\/wp-json\/wp\/v2\/product_tag?post=3403"}],"curies":[{"name":"wp","href":"https:\/\/api.w.org\/{rel}","templated":true}]}}