{"id":3399,"date":"2024-12-12T16:16:35","date_gmt":"2024-12-12T08:16:35","guid":{"rendered":"https:\/\/www.bacintl.com\/?post_type=product&#038;p=3399"},"modified":"2025-02-12T15:15:24","modified_gmt":"2025-02-12T07:15:24","slug":"ultra-low-resistance-hepa-filter-unit","status":"publish","type":"product","link":"https:\/\/www.bacintl.com\/fr\/ultra-low-resistance-hepa-filter-unit\/","title":{"rendered":"Unit\u00e9 de filtration HEPA \u00e0 tr\u00e8s faible r\u00e9sistance"},"content":{"rendered":"<p>It is a filter with low initial resistance and\u00a0medium\u00a0filtration efficiency. Its initial resistance is generally around 15Pa, and the filtration efficiency is equivalent to that of ordinary high efficiency filters.<\/p>","protected":false},"excerpt":{"rendered":"<p>Low resistancer, the the initial resistance is about 15Pa.Product features.<\/p>","protected":false},"featured_media":3400,"template":"","meta":{"_acf_changed":false},"product_brand":[],"product_cat":[62],"product_tag":[107],"class_list":{"0":"post-3399","1":"product","2":"type-product","3":"status-publish","4":"has-post-thumbnail","6":"product_cat-ultra-low-resistance-filter","7":"product_tag-solution-healthcare","9":"first","10":"instock","11":"shipping-taxable","12":"product-type-simple"},"acf":[],"_links":{"self":[{"href":"https:\/\/www.bacintl.com\/fr\/wp-json\/wp\/v2\/product\/3399","targetHints":{"allow":["GET"]}}],"collection":[{"href":"https:\/\/www.bacintl.com\/fr\/wp-json\/wp\/v2\/product"}],"about":[{"href":"https:\/\/www.bacintl.com\/fr\/wp-json\/wp\/v2\/types\/product"}],"wp:featuredmedia":[{"embeddable":true,"href":"https:\/\/www.bacintl.com\/fr\/wp-json\/wp\/v2\/media\/3400"}],"wp:attachment":[{"href":"https:\/\/www.bacintl.com\/fr\/wp-json\/wp\/v2\/media?parent=3399"}],"wp:term":[{"taxonomy":"product_brand","embeddable":true,"href":"https:\/\/www.bacintl.com\/fr\/wp-json\/wp\/v2\/product_brand?post=3399"},{"taxonomy":"product_cat","embeddable":true,"href":"https:\/\/www.bacintl.com\/fr\/wp-json\/wp\/v2\/product_cat?post=3399"},{"taxonomy":"product_tag","embeddable":true,"href":"https:\/\/www.bacintl.com\/fr\/wp-json\/wp\/v2\/product_tag?post=3399"}],"curies":[{"name":"wp","href":"https:\/\/api.w.org\/{rel}","templated":true}]}}