{"id":3397,"date":"2024-12-12T16:15:42","date_gmt":"2024-12-12T08:15:42","guid":{"rendered":"https:\/\/www.bacintl.com\/?post_type=product&#038;p=3397"},"modified":"2025-02-12T15:06:25","modified_gmt":"2025-02-12T07:06:25","slug":"full-section-nano-photocatalytic-air-purifier-and-sterilizer","status":"publish","type":"product","link":"https:\/\/www.bacintl.com\/fr\/full-section-nano-photocatalytic-air-purifier-and-sterilizer\/","title":{"rendered":"Purificateur d'air et st\u00e9rilisateur nanophotocatalytique en pleine section"},"content":{"rendered":"<p>Ce produit est une lampe \u00e0 nano-photons \u00e0 large bande et \u00e0 haute \u00e9nergie qui peut st\u00e9riliser et oxyder. Elle irradie des mat\u00e9riaux photocatalytiques \u00e0 base de m\u00e9taux pr\u00e9cieux rares et conduit de fortes r\u00e9actions d'oxydor\u00e9duction avec l'eau et l'oxyg\u00e8ne de l'air. Le produit produit des groupes de plasma photohydrog\u00e8ne \u00e0 haute \u00e9nergie, qui d\u00e9composent les odeurs, filtrent les particules et tuent les agents pathog\u00e8nes.<\/p>","protected":false},"excerpt":{"rendered":"<p>\u00c9quipement utilis\u00e9 pour tuer les bact\u00e9ries, les virus, les moisissures, les spores et autres germes<\/p>","protected":false},"featured_media":3924,"template":"","meta":{"_acf_changed":false},"product_brand":[],"product_cat":[61],"product_tag":[],"class_list":{"0":"post-3397","1":"product","2":"type-product","3":"status-publish","4":"has-post-thumbnail","6":"product_cat-electrostatic-filter","8":"first","9":"instock","10":"shipping-taxable","11":"product-type-simple"},"acf":[],"_links":{"self":[{"href":"https:\/\/www.bacintl.com\/fr\/wp-json\/wp\/v2\/product\/3397","targetHints":{"allow":["GET"]}}],"collection":[{"href":"https:\/\/www.bacintl.com\/fr\/wp-json\/wp\/v2\/product"}],"about":[{"href":"https:\/\/www.bacintl.com\/fr\/wp-json\/wp\/v2\/types\/product"}],"wp:featuredmedia":[{"embeddable":true,"href":"https:\/\/www.bacintl.com\/fr\/wp-json\/wp\/v2\/media\/3924"}],"wp:attachment":[{"href":"https:\/\/www.bacintl.com\/fr\/wp-json\/wp\/v2\/media?parent=3397"}],"wp:term":[{"taxonomy":"product_brand","embeddable":true,"href":"https:\/\/www.bacintl.com\/fr\/wp-json\/wp\/v2\/product_brand?post=3397"},{"taxonomy":"product_cat","embeddable":true,"href":"https:\/\/www.bacintl.com\/fr\/wp-json\/wp\/v2\/product_cat?post=3397"},{"taxonomy":"product_tag","embeddable":true,"href":"https:\/\/www.bacintl.com\/fr\/wp-json\/wp\/v2\/product_tag?post=3397"}],"curies":[{"name":"wp","href":"https:\/\/api.w.org\/{rel}","templated":true}]}}