{"id":3395,"date":"2024-12-12T16:14:36","date_gmt":"2024-12-12T08:14:36","guid":{"rendered":"https:\/\/www.bacintl.com\/?post_type=product&#038;p=3395"},"modified":"2025-07-24T11:57:35","modified_gmt":"2025-07-24T03:57:35","slug":"duct-electronic-air-purifier","status":"publish","type":"product","link":"https:\/\/www.bacintl.com\/fr\/duct-electronic-air-purifier\/","title":{"rendered":"Purificateur d'air \u00e9lectronique \u00e0 conduit"},"content":{"rendered":"<p>Le purificateur d'air \u00e9lectronique \u00e0 conduit est compos\u00e9 d'un filtre m\u00e9tallique, d'une section de purification du plasma et d'un filet de purification post-fonctionnel. Il utilise une m\u00e9thode de purification composite pour \u00e9liminer physiquement les bact\u00e9ries, les virus et les micro-organismes pr\u00e9sents dans l'air, et purifier les PM2,5 et les autres particules et fum\u00e9es inhalables. Il s'agit d'un dispositif de purification de l'air essentiel pour le syst\u00e8me de ventilation des conduits de climatisation centrale. Il est connect\u00e9 au conduit de retour d'air de la climatisation (air d'alimentation) pour r\u00e9soudre efficacement le probl\u00e8me de pollution de l'air du conduit de climatisation. L'air est conforme aux normes de qualit\u00e9 de l'air int\u00e9rieur (GB\/T-18883-2002, GB\/T-18801-2015).<\/p>","protected":false},"excerpt":{"rendered":"<p>Il est efficace pour l'adsorption des PM2,5 et d'autres particules inhalables ; il peut tuer les bact\u00e9ries, les virus et les micro-organismes pr\u00e9sents dans l'air ; il peut \u00e9galement \u00e9liminer les polluants tels que le smog et les COVT.<\/p>","protected":false},"featured_media":3921,"template":"","meta":{"_acf_changed":false},"product_brand":[],"product_cat":[61],"product_tag":[],"class_list":{"0":"post-3395","1":"product","2":"type-product","3":"status-publish","4":"has-post-thumbnail","6":"product_cat-electrostatic-filter","8":"first","9":"instock","10":"shipping-taxable","11":"product-type-simple"},"acf":[],"_links":{"self":[{"href":"https:\/\/www.bacintl.com\/fr\/wp-json\/wp\/v2\/product\/3395","targetHints":{"allow":["GET"]}}],"collection":[{"href":"https:\/\/www.bacintl.com\/fr\/wp-json\/wp\/v2\/product"}],"about":[{"href":"https:\/\/www.bacintl.com\/fr\/wp-json\/wp\/v2\/types\/product"}],"wp:featuredmedia":[{"embeddable":true,"href":"https:\/\/www.bacintl.com\/fr\/wp-json\/wp\/v2\/media\/3921"}],"wp:attachment":[{"href":"https:\/\/www.bacintl.com\/fr\/wp-json\/wp\/v2\/media?parent=3395"}],"wp:term":[{"taxonomy":"product_brand","embeddable":true,"href":"https:\/\/www.bacintl.com\/fr\/wp-json\/wp\/v2\/product_brand?post=3395"},{"taxonomy":"product_cat","embeddable":true,"href":"https:\/\/www.bacintl.com\/fr\/wp-json\/wp\/v2\/product_cat?post=3395"},{"taxonomy":"product_tag","embeddable":true,"href":"https:\/\/www.bacintl.com\/fr\/wp-json\/wp\/v2\/product_tag?post=3395"}],"curies":[{"name":"wp","href":"https:\/\/api.w.org\/{rel}","templated":true}]}}