{"id":3390,"date":"2024-12-12T16:13:13","date_gmt":"2024-12-12T08:13:13","guid":{"rendered":"https:\/\/www.bacintl.com\/?post_type=product&#038;p=3390"},"modified":"2025-02-12T14:42:29","modified_gmt":"2025-02-12T06:42:29","slug":"replaceable-pleat-filter","status":"publish","type":"product","link":"https:\/\/www.bacintl.com\/fr\/replaceable-pleat-filter\/","title":{"rendered":"Filtre \u00e0 plis rempla\u00e7able"},"content":{"rendered":"<p>It is supported by stainless steel or painted mother-and-child frames. The frame can be made of aluminum profiles or galvanized frames. The outer frame design is detachable. The difference from general primary filters is that it can be repeatedly cleaned and replaced, which saves the cost of use to the greatest extent.<\/p>","protected":false},"excerpt":{"rendered":"<p>R\u00e9utilis\u00e9 apr\u00e8s nettoyage \u00e0 l'eau. R\u00e9utilisation du cadre. Longue dur\u00e9e de vie.<\/p>","protected":false},"featured_media":3919,"template":"","meta":{"_acf_changed":false},"product_brand":[],"product_cat":[60],"product_tag":[],"class_list":{"0":"post-3390","1":"product","2":"type-product","3":"status-publish","4":"has-post-thumbnail","6":"product_cat-pleat-filter-catalog","8":"first","9":"instock","10":"shipping-taxable","11":"product-type-simple"},"acf":[],"_links":{"self":[{"href":"https:\/\/www.bacintl.com\/fr\/wp-json\/wp\/v2\/product\/3390","targetHints":{"allow":["GET"]}}],"collection":[{"href":"https:\/\/www.bacintl.com\/fr\/wp-json\/wp\/v2\/product"}],"about":[{"href":"https:\/\/www.bacintl.com\/fr\/wp-json\/wp\/v2\/types\/product"}],"wp:featuredmedia":[{"embeddable":true,"href":"https:\/\/www.bacintl.com\/fr\/wp-json\/wp\/v2\/media\/3919"}],"wp:attachment":[{"href":"https:\/\/www.bacintl.com\/fr\/wp-json\/wp\/v2\/media?parent=3390"}],"wp:term":[{"taxonomy":"product_brand","embeddable":true,"href":"https:\/\/www.bacintl.com\/fr\/wp-json\/wp\/v2\/product_brand?post=3390"},{"taxonomy":"product_cat","embeddable":true,"href":"https:\/\/www.bacintl.com\/fr\/wp-json\/wp\/v2\/product_cat?post=3390"},{"taxonomy":"product_tag","embeddable":true,"href":"https:\/\/www.bacintl.com\/fr\/wp-json\/wp\/v2\/product_tag?post=3390"}],"curies":[{"name":"wp","href":"https:\/\/api.w.org\/{rel}","templated":true}]}}