{"id":3386,"date":"2024-12-12T16:11:53","date_gmt":"2024-12-12T08:11:53","guid":{"rendered":"https:\/\/www.bacintl.com\/?post_type=product&#038;p=3386"},"modified":"2025-02-12T14:34:32","modified_gmt":"2025-02-12T06:34:32","slug":"aluminum-frame-pleat-filter","status":"publish","type":"product","link":"https:\/\/www.bacintl.com\/fr\/aluminum-frame-pleat-filter\/","title":{"rendered":"Cadre en aluminium Filtre \u00e0 plis"},"content":{"rendered":"<p>It is mainly composed of an outer frame, filter material and protective net. The outer frame is usually made of\u00a0\u00a0aluminum profile\u00a0and aluminum plate folding frame, which plays a supporting and fixing role. The filter material is generally a synthetic fiber material such as non-woven fabric and chemical fiber cloth, which is folded into the outer frame. The protective net is mostly made of galvanized welded mesh, aluminum mesh or stainless steel mesh, which is attached to the air outlet surface of the filter material.<\/p>","protected":false},"excerpt":{"rendered":"<p>Convient \u00e0 la filtration primaire des syst\u00e8mes de climatisation, principalement utilis\u00e9e pour filtrer les particules de poussi\u00e8re sup\u00e9rieures \u00e0 5\u03bcm.<\/p>","protected":false},"featured_media":3913,"template":"","meta":{"_acf_changed":false},"product_brand":[],"product_cat":[60],"product_tag":[],"class_list":{"0":"post-3386","1":"product","2":"type-product","3":"status-publish","4":"has-post-thumbnail","6":"product_cat-pleat-filter-catalog","8":"first","9":"instock","10":"shipping-taxable","11":"product-type-simple"},"acf":[],"_links":{"self":[{"href":"https:\/\/www.bacintl.com\/fr\/wp-json\/wp\/v2\/product\/3386","targetHints":{"allow":["GET"]}}],"collection":[{"href":"https:\/\/www.bacintl.com\/fr\/wp-json\/wp\/v2\/product"}],"about":[{"href":"https:\/\/www.bacintl.com\/fr\/wp-json\/wp\/v2\/types\/product"}],"wp:featuredmedia":[{"embeddable":true,"href":"https:\/\/www.bacintl.com\/fr\/wp-json\/wp\/v2\/media\/3913"}],"wp:attachment":[{"href":"https:\/\/www.bacintl.com\/fr\/wp-json\/wp\/v2\/media?parent=3386"}],"wp:term":[{"taxonomy":"product_brand","embeddable":true,"href":"https:\/\/www.bacintl.com\/fr\/wp-json\/wp\/v2\/product_brand?post=3386"},{"taxonomy":"product_cat","embeddable":true,"href":"https:\/\/www.bacintl.com\/fr\/wp-json\/wp\/v2\/product_cat?post=3386"},{"taxonomy":"product_tag","embeddable":true,"href":"https:\/\/www.bacintl.com\/fr\/wp-json\/wp\/v2\/product_tag?post=3386"}],"curies":[{"name":"wp","href":"https:\/\/api.w.org\/{rel}","templated":true}]}}