{"id":3380,"date":"2024-12-12T16:09:08","date_gmt":"2024-12-12T08:09:08","guid":{"rendered":"https:\/\/www.bacintl.com\/?post_type=product&#038;p=3380"},"modified":"2025-02-12T14:22:03","modified_gmt":"2025-02-12T06:22:03","slug":"pleat-filter","status":"publish","type":"product","link":"https:\/\/www.bacintl.com\/fr\/pleat-filter\/","title":{"rendered":"Filtre \u00e0 plis"},"content":{"rendered":"<p>Il se compose principalement d'un cadre ext\u00e9rieur, d'un mat\u00e9riau filtrant et d'un filet de protection. Le cadre ext\u00e9rieur est g\u00e9n\u00e9ralement constitu\u00e9 d'un cadre en carton, d'un profil\u00e9 en aluminium, d'un cadre pliant en t\u00f4le d'aluminium, d'un cadre galvanis\u00e9 ou d'un cadre en acier inoxydable, qui joue un r\u00f4le de support et de fixation. Le mat\u00e9riau filtrant est g\u00e9n\u00e9ralement un mat\u00e9riau en fibres synth\u00e9tiques tel que le tissu non tiss\u00e9 et le tissu en fibres chimiques, qui est pli\u00e9 dans le cadre ext\u00e9rieur. Le filet de protection est g\u00e9n\u00e9ralement constitu\u00e9 d'un treillis soud\u00e9 galvanis\u00e9, d'un treillis en aluminium ou d'un treillis en acier inoxydable, qui est fix\u00e9 \u00e0 la surface de sortie d'air du mat\u00e9riau filtrant.<\/p>","protected":false},"excerpt":{"rendered":"<p>Convient \u00e0 la filtration primaire des syst\u00e8mes de climatisation, principalement utilis\u00e9e pour filtrer les particules de poussi\u00e8re sup\u00e9rieures \u00e0 5\u03bcm.<\/p>","protected":false},"featured_media":3905,"template":"","meta":{"_acf_changed":false},"product_brand":[],"product_cat":[60],"product_tag":[102,105],"class_list":{"0":"post-3380","1":"product","2":"type-product","3":"status-publish","4":"has-post-thumbnail","6":"product_cat-pleat-filter-catalog","7":"product_tag-home-air-filter","8":"product_tag-solution-biopharmaceuticals","10":"first","11":"instock","12":"shipping-taxable","13":"product-type-simple"},"acf":[],"_links":{"self":[{"href":"https:\/\/www.bacintl.com\/fr\/wp-json\/wp\/v2\/product\/3380","targetHints":{"allow":["GET"]}}],"collection":[{"href":"https:\/\/www.bacintl.com\/fr\/wp-json\/wp\/v2\/product"}],"about":[{"href":"https:\/\/www.bacintl.com\/fr\/wp-json\/wp\/v2\/types\/product"}],"wp:featuredmedia":[{"embeddable":true,"href":"https:\/\/www.bacintl.com\/fr\/wp-json\/wp\/v2\/media\/3905"}],"wp:attachment":[{"href":"https:\/\/www.bacintl.com\/fr\/wp-json\/wp\/v2\/media?parent=3380"}],"wp:term":[{"taxonomy":"product_brand","embeddable":true,"href":"https:\/\/www.bacintl.com\/fr\/wp-json\/wp\/v2\/product_brand?post=3380"},{"taxonomy":"product_cat","embeddable":true,"href":"https:\/\/www.bacintl.com\/fr\/wp-json\/wp\/v2\/product_cat?post=3380"},{"taxonomy":"product_tag","embeddable":true,"href":"https:\/\/www.bacintl.com\/fr\/wp-json\/wp\/v2\/product_tag?post=3380"}],"curies":[{"name":"wp","href":"https:\/\/api.w.org\/{rel}","templated":true}]}}