{"id":3377,"date":"2024-12-12T16:07:57","date_gmt":"2024-12-12T08:07:57","guid":{"rendered":"https:\/\/www.bacintl.com\/?post_type=product&#038;p=3377"},"modified":"2025-02-12T14:16:48","modified_gmt":"2025-02-12T06:16:48","slug":"stainless-steel-air-filter","status":"publish","type":"product","link":"https:\/\/www.bacintl.com\/fr\/stainless-steel-air-filter\/","title":{"rendered":"Filtre \u00e0 air en acier inoxydable"},"content":{"rendered":"<p>Il s'agit d'un mat\u00e9riau filtrant sp\u00e9cial qui utilise plusieurs couches de mailles d'aluminium ou d'acier inoxydable comme treillis filtrant. Chaque couche est de deux types : ondul\u00e9e et plate. Elles sont dispos\u00e9es en croix et se chevauchent \u00e0 angle droit, de sorte que l'air change plusieurs fois de direction lorsqu'il passe \u00e0 travers les mailles, et sont dispos\u00e9es avec diff\u00e9rentes densit\u00e9s et ouvertures, de la plus grossi\u00e8re \u00e0 la plus fine, afin d'obtenir une faible r\u00e9sistance \u00e0 l'\u00e9coulement de l'air, ce qui peut augmenter la capacit\u00e9 et l'efficacit\u00e9 du d\u00e9poussi\u00e9rage.<\/p>\n<p>Le filtre \u00e0 mailles m\u00e9talliques est constitu\u00e9 de feuilles superpos\u00e9es qui forment un mat\u00e9riau filtrant tr\u00e8s r\u00e9sistant. Il ne sera pas comprim\u00e9, d\u00e9form\u00e9 ou effondr\u00e9 sous l'effet du flux d'air et du poids de la poussi\u00e8re, tout en conservant sa grande efficacit\u00e9. Il peut \u00eatre facilement nettoy\u00e9 et entretenu, ce qui permet de r\u00e9duire les co\u00fbts et de fournir un filtre durable pour votre syst\u00e8me de climatisation.<\/p>\n<p>&nbsp;<\/p>","protected":false},"excerpt":{"rendered":"<p>Une structure en maille d'acier inoxydable multi-couches ondul\u00e9e, r\u00e9sistante \u00e0 l'usure, peut \u00eatre nettoy\u00e9e de fa\u00e7on r\u00e9p\u00e9t\u00e9e.<\/p>","protected":false},"featured_media":3898,"template":"","meta":{"_acf_changed":false},"product_brand":[],"product_cat":[59],"product_tag":[],"class_list":{"0":"post-3377","1":"product","2":"type-product","3":"status-publish","4":"has-post-thumbnail","6":"product_cat-panel-filter-catalog","8":"first","9":"instock","10":"shipping-taxable","11":"product-type-simple"},"acf":[],"_links":{"self":[{"href":"https:\/\/www.bacintl.com\/fr\/wp-json\/wp\/v2\/product\/3377","targetHints":{"allow":["GET"]}}],"collection":[{"href":"https:\/\/www.bacintl.com\/fr\/wp-json\/wp\/v2\/product"}],"about":[{"href":"https:\/\/www.bacintl.com\/fr\/wp-json\/wp\/v2\/types\/product"}],"wp:featuredmedia":[{"embeddable":true,"href":"https:\/\/www.bacintl.com\/fr\/wp-json\/wp\/v2\/media\/3898"}],"wp:attachment":[{"href":"https:\/\/www.bacintl.com\/fr\/wp-json\/wp\/v2\/media?parent=3377"}],"wp:term":[{"taxonomy":"product_brand","embeddable":true,"href":"https:\/\/www.bacintl.com\/fr\/wp-json\/wp\/v2\/product_brand?post=3377"},{"taxonomy":"product_cat","embeddable":true,"href":"https:\/\/www.bacintl.com\/fr\/wp-json\/wp\/v2\/product_cat?post=3377"},{"taxonomy":"product_tag","embeddable":true,"href":"https:\/\/www.bacintl.com\/fr\/wp-json\/wp\/v2\/product_tag?post=3377"}],"curies":[{"name":"wp","href":"https:\/\/api.w.org\/{rel}","templated":true}]}}