{"id":3374,"date":"2024-12-12T16:06:33","date_gmt":"2024-12-12T08:06:33","guid":{"rendered":"https:\/\/www.bacintl.com\/?post_type=product&#038;p=3374"},"modified":"2025-02-12T14:11:31","modified_gmt":"2025-02-12T06:11:31","slug":"metal-mesh-air-filter","status":"publish","type":"product","link":"https:\/\/www.bacintl.com\/fr\/metal-mesh-air-filter\/","title":{"rendered":"Filtre \u00e0 air \u00e0 mailles m\u00e9talliques"},"content":{"rendered":"<p>Il s'agit d'un mat\u00e9riau filtrant sp\u00e9cial qui utilise plusieurs couches de mailles d'aluminium ou d'acier inoxydable comme treillis filtrant. Chaque couche est de deux types : ondul\u00e9e et plate. Elles sont dispos\u00e9es en croix et se chevauchent \u00e0 angle droit, de sorte que l'air change plusieurs fois de direction lorsqu'il passe \u00e0 travers les mailles, et sont dispos\u00e9es avec diff\u00e9rentes densit\u00e9s et ouvertures, de la plus grossi\u00e8re \u00e0 la plus fine, afin d'obtenir une faible r\u00e9sistance \u00e0 l'\u00e9coulement de l'air, ce qui peut augmenter la capacit\u00e9 et l'efficacit\u00e9 du d\u00e9poussi\u00e9rage.<\/p>\n<p>The metal mesh filter is made of layered sheets to form a very strong filter material. It will not be compressed, deformed or collapsed under airflow and dust weight, and still maintain its high efficiency. And it does not mix resin adhesives, is not easy to burn and is resistant to high temperatures. Whether it is an aluminum filter or a stainless steel filter, it can be easily cleaned and maintained to save costs, and provide a durable and long-life filter for your air-conditioning place.<\/p>","protected":false},"excerpt":{"rendered":"<p>A structure of multi-layer cross-corrugated aluminum mesh or stainless steel mesh with llow resistance, can be cleaned repeatedly.<\/p>","protected":false},"featured_media":3894,"template":"","meta":{"_acf_changed":false},"product_brand":[],"product_cat":[59],"product_tag":[],"class_list":{"0":"post-3374","1":"product","2":"type-product","3":"status-publish","4":"has-post-thumbnail","6":"product_cat-panel-filter-catalog","8":"first","9":"instock","10":"shipping-taxable","11":"product-type-simple"},"acf":[],"_links":{"self":[{"href":"https:\/\/www.bacintl.com\/fr\/wp-json\/wp\/v2\/product\/3374","targetHints":{"allow":["GET"]}}],"collection":[{"href":"https:\/\/www.bacintl.com\/fr\/wp-json\/wp\/v2\/product"}],"about":[{"href":"https:\/\/www.bacintl.com\/fr\/wp-json\/wp\/v2\/types\/product"}],"wp:featuredmedia":[{"embeddable":true,"href":"https:\/\/www.bacintl.com\/fr\/wp-json\/wp\/v2\/media\/3894"}],"wp:attachment":[{"href":"https:\/\/www.bacintl.com\/fr\/wp-json\/wp\/v2\/media?parent=3374"}],"wp:term":[{"taxonomy":"product_brand","embeddable":true,"href":"https:\/\/www.bacintl.com\/fr\/wp-json\/wp\/v2\/product_brand?post=3374"},{"taxonomy":"product_cat","embeddable":true,"href":"https:\/\/www.bacintl.com\/fr\/wp-json\/wp\/v2\/product_cat?post=3374"},{"taxonomy":"product_tag","embeddable":true,"href":"https:\/\/www.bacintl.com\/fr\/wp-json\/wp\/v2\/product_tag?post=3374"}],"curies":[{"name":"wp","href":"https:\/\/api.w.org\/{rel}","templated":true}]}}