{"id":3371,"date":"2024-12-12T16:05:24","date_gmt":"2024-12-12T08:05:24","guid":{"rendered":"https:\/\/www.bacintl.com\/?post_type=product&#038;p=3371"},"modified":"2025-02-12T14:06:31","modified_gmt":"2025-02-12T06:06:31","slug":"nylon-mesh-air-filter","status":"publish","type":"product","link":"https:\/\/www.bacintl.com\/fr\/nylon-mesh-air-filter\/","title":{"rendered":"Filtre \u00e0 air en maille de nylon"},"content":{"rendered":"<p>Il adopte une structure \u00e0 plaques l\u00e9g\u00e8re, un cadre m\u00e9tallique en aluminium r\u00e9utilisable et un mat\u00e9riau filtrant en fibres synth\u00e9tiques import\u00e9es, tiss\u00e9 \u00e0 partir d'un monofilament de polyamide. Il est r\u00e9sistant \u00e0 l'usure, facile et s\u00fbr \u00e0 remplacer, et les utilisateurs peuvent le faire fonctionner eux-m\u00eames, ce qui est simple et pratique.<\/p>","protected":false},"excerpt":{"rendered":"<p>Le filtre en filet de nylon est moins r\u00e9sistant et a une longue dur\u00e9e de vie. Lavable et r\u00e9utilisable, il est tr\u00e8s performant.<\/p>","protected":false},"featured_media":3888,"template":"","meta":{"_acf_changed":false},"product_brand":[],"product_cat":[59],"product_tag":[],"class_list":{"0":"post-3371","1":"product","2":"type-product","3":"status-publish","4":"has-post-thumbnail","6":"product_cat-panel-filter-catalog","8":"first","9":"instock","10":"shipping-taxable","11":"product-type-simple"},"acf":[],"_links":{"self":[{"href":"https:\/\/www.bacintl.com\/fr\/wp-json\/wp\/v2\/product\/3371","targetHints":{"allow":["GET"]}}],"collection":[{"href":"https:\/\/www.bacintl.com\/fr\/wp-json\/wp\/v2\/product"}],"about":[{"href":"https:\/\/www.bacintl.com\/fr\/wp-json\/wp\/v2\/types\/product"}],"wp:featuredmedia":[{"embeddable":true,"href":"https:\/\/www.bacintl.com\/fr\/wp-json\/wp\/v2\/media\/3888"}],"wp:attachment":[{"href":"https:\/\/www.bacintl.com\/fr\/wp-json\/wp\/v2\/media?parent=3371"}],"wp:term":[{"taxonomy":"product_brand","embeddable":true,"href":"https:\/\/www.bacintl.com\/fr\/wp-json\/wp\/v2\/product_brand?post=3371"},{"taxonomy":"product_cat","embeddable":true,"href":"https:\/\/www.bacintl.com\/fr\/wp-json\/wp\/v2\/product_cat?post=3371"},{"taxonomy":"product_tag","embeddable":true,"href":"https:\/\/www.bacintl.com\/fr\/wp-json\/wp\/v2\/product_tag?post=3371"}],"curies":[{"name":"wp","href":"https:\/\/api.w.org\/{rel}","templated":true}]}}