{"id":3368,"date":"2024-12-12T16:04:13","date_gmt":"2024-12-12T08:04:13","guid":{"rendered":"https:\/\/www.bacintl.com\/?post_type=product&#038;p=3368"},"modified":"2025-02-12T13:59:00","modified_gmt":"2025-02-12T05:59:00","slug":"non-woven-flat-panel-filter","status":"publish","type":"product","link":"https:\/\/www.bacintl.com\/fr\/non-woven-flat-panel-filter\/","title":{"rendered":"Filtre plat non tiss\u00e9"},"content":{"rendered":"<p>Le cadre ext\u00e9rieur du filtre primaire \u00e0 couche plate est constitu\u00e9 d'une plaque solide en alliage d'aluminium avec des coins en alliage d'aluminium ou en plastique. La structure est solide et stable, et un filet de protection en forme de diamant est ajout\u00e9 sur la surface de sortie d'air pour garantir que le filtre ne sera pas d\u00e9form\u00e9 ou endommag\u00e9, m\u00eame dans un environnement de travail d\u00e9favorable. Le cadre ext\u00e9rieur est amovible pour faciliter le remplacement des mat\u00e9riaux filtrants et permettre la r\u00e9utilisation du cadre.<\/p>","protected":false},"excerpt":{"rendered":"<p>Haute r\u00e9sistance, grand volume d'air, faible r\u00e9sistance, grande capacit\u00e9 d'absorption des poussi\u00e8res.<\/p>","protected":false},"featured_media":3884,"template":"","meta":{"_acf_changed":false},"product_brand":[],"product_cat":[59],"product_tag":[],"class_list":{"0":"post-3368","1":"product","2":"type-product","3":"status-publish","4":"has-post-thumbnail","6":"product_cat-panel-filter-catalog","8":"first","9":"instock","10":"shipping-taxable","11":"product-type-simple"},"acf":[],"_links":{"self":[{"href":"https:\/\/www.bacintl.com\/fr\/wp-json\/wp\/v2\/product\/3368","targetHints":{"allow":["GET"]}}],"collection":[{"href":"https:\/\/www.bacintl.com\/fr\/wp-json\/wp\/v2\/product"}],"about":[{"href":"https:\/\/www.bacintl.com\/fr\/wp-json\/wp\/v2\/types\/product"}],"wp:featuredmedia":[{"embeddable":true,"href":"https:\/\/www.bacintl.com\/fr\/wp-json\/wp\/v2\/media\/3884"}],"wp:attachment":[{"href":"https:\/\/www.bacintl.com\/fr\/wp-json\/wp\/v2\/media?parent=3368"}],"wp:term":[{"taxonomy":"product_brand","embeddable":true,"href":"https:\/\/www.bacintl.com\/fr\/wp-json\/wp\/v2\/product_brand?post=3368"},{"taxonomy":"product_cat","embeddable":true,"href":"https:\/\/www.bacintl.com\/fr\/wp-json\/wp\/v2\/product_cat?post=3368"},{"taxonomy":"product_tag","embeddable":true,"href":"https:\/\/www.bacintl.com\/fr\/wp-json\/wp\/v2\/product_tag?post=3368"}],"curies":[{"name":"wp","href":"https:\/\/api.w.org\/{rel}","templated":true}]}}