{"id":3357,"date":"2024-12-12T15:58:34","date_gmt":"2024-12-12T07:58:34","guid":{"rendered":"https:\/\/www.bacintl.com\/?post_type=product&#038;p=3357"},"modified":"2025-07-24T11:58:59","modified_gmt":"2025-07-24T03:58:59","slug":"glass-fiber-pocket-filter","status":"publish","type":"product","link":"https:\/\/www.bacintl.com\/fr\/glass-fiber-pocket-filter\/","title":{"rendered":"Filtre \u00e0 poche en fibre de verre"},"content":{"rendered":"<p>\u00a0Ce mat\u00e9riau filtrant est divis\u00e9 en quatre niveaux : A, B, C et D : A, B, C et D. Le volume d'air, la r\u00e9sistance et la capacit\u00e9 de r\u00e9tention de la poussi\u00e8re des filtres \u00e0 poches en fibre de verre de moyenne efficacit\u00e9 fabriqu\u00e9s \u00e0 partir de diff\u00e9rents niveaux de mat\u00e9riaux sont diff\u00e9rents. Les sacs en fibre de verre sont largement utilis\u00e9s dans la filtration de l'air d'entr\u00e9e des installations industrielles de chauffage, de ventilation et de climatisation. Sur les march\u00e9s europ\u00e9ens et am\u00e9ricains, les filtres \u00e0 moyenne efficacit\u00e9 des sacs en fibre de verre sont les mat\u00e9riaux filtrants des usines \u00e9lectroniques (en particulier les usines de puces et les usines de panneaux LCD et plasma), des usines pharmaceutiques, des ateliers de pulv\u00e9risation automobile et des usines. Les mat\u00e9riaux filtrants en fibre de verre avec support en tissu non-tiss\u00e9 de polyester (B2) peuvent r\u00e9sister \u00e0 des temp\u00e9ratures \u00e9lev\u00e9es de 120 degr\u00e9s Celsius. Les mat\u00e9riaux filtrants en fibre de verre avec support en tissu \u00e0 mailles en fibre de verre (B1) peuvent r\u00e9sister \u00e0 des temp\u00e9ratures plus \u00e9lev\u00e9es.<\/p>","protected":false},"excerpt":{"rendered":"<p>Il pr\u00e9sente les avantages d'une grande capacit\u00e9 de r\u00e9tention de la poussi\u00e8re, d'un grand volume d'air, d'une faible r\u00e9sistance et peut \u00eatre nettoy\u00e9 \u00e0 plusieurs reprises.<\/p>","protected":false},"featured_media":3856,"template":"","meta":{"_acf_changed":false},"product_brand":[],"product_cat":[58],"product_tag":[113,107],"class_list":{"0":"post-3357","1":"product","2":"type-product","3":"status-publish","4":"has-post-thumbnail","6":"product_cat-pocket-filter","7":"product_tag-laboratory","8":"product_tag-solution-healthcare","10":"first","11":"instock","12":"shipping-taxable","13":"product-type-simple"},"acf":[],"_links":{"self":[{"href":"https:\/\/www.bacintl.com\/fr\/wp-json\/wp\/v2\/product\/3357","targetHints":{"allow":["GET"]}}],"collection":[{"href":"https:\/\/www.bacintl.com\/fr\/wp-json\/wp\/v2\/product"}],"about":[{"href":"https:\/\/www.bacintl.com\/fr\/wp-json\/wp\/v2\/types\/product"}],"wp:featuredmedia":[{"embeddable":true,"href":"https:\/\/www.bacintl.com\/fr\/wp-json\/wp\/v2\/media\/3856"}],"wp:attachment":[{"href":"https:\/\/www.bacintl.com\/fr\/wp-json\/wp\/v2\/media?parent=3357"}],"wp:term":[{"taxonomy":"product_brand","embeddable":true,"href":"https:\/\/www.bacintl.com\/fr\/wp-json\/wp\/v2\/product_brand?post=3357"},{"taxonomy":"product_cat","embeddable":true,"href":"https:\/\/www.bacintl.com\/fr\/wp-json\/wp\/v2\/product_cat?post=3357"},{"taxonomy":"product_tag","embeddable":true,"href":"https:\/\/www.bacintl.com\/fr\/wp-json\/wp\/v2\/product_tag?post=3357"}],"curies":[{"name":"wp","href":"https:\/\/api.w.org\/{rel}","templated":true}]}}