{"id":3356,"date":"2024-12-12T15:57:42","date_gmt":"2024-12-12T07:57:42","guid":{"rendered":"https:\/\/www.bacintl.com\/?post_type=product&#038;p=3356"},"modified":"2025-07-24T13:42:05","modified_gmt":"2025-07-24T05:42:05","slug":"synthetic-fiber-pocket-filter","status":"publish","type":"product","link":"https:\/\/www.bacintl.com\/fr\/synthetic-fiber-pocket-filter\/","title":{"rendered":"Filtre de poche en fibre synth\u00e9tique"},"content":{"rendered":"<p>Il s'agit du type de filtre \u00e0 efficacit\u00e9 moyenne le plus couramment utilis\u00e9. Il est g\u00e9n\u00e9ralement plac\u00e9 au milieu de l'unit\u00e9 de conditionnement d'air propre pour prot\u00e9ger l'extr\u00e9mit\u00e9 du filtre interm\u00e9diaire du filtre \u00e0 haute efficacit\u00e9. Son mat\u00e9riau filtrant est principalement constitu\u00e9 de fibres synth\u00e9tiques non tiss\u00e9es (fibres chimiques).<\/p>","protected":false},"excerpt":{"rendered":"<p>Il pr\u00e9sente les avantages d'une grande capacit\u00e9 de r\u00e9tention de la poussi\u00e8re, d'un grand volume d'air, d'une faible r\u00e9sistance et peut \u00eatre nettoy\u00e9 \u00e0 plusieurs reprises.<\/p>","protected":false},"featured_media":3851,"template":"","meta":{"_acf_changed":false},"product_brand":[],"product_cat":[58],"product_tag":[113,107],"class_list":{"0":"post-3356","1":"product","2":"type-product","3":"status-publish","4":"has-post-thumbnail","6":"product_cat-pocket-filter","7":"product_tag-laboratory","8":"product_tag-solution-healthcare","10":"first","11":"instock","12":"shipping-taxable","13":"product-type-simple"},"acf":[],"_links":{"self":[{"href":"https:\/\/www.bacintl.com\/fr\/wp-json\/wp\/v2\/product\/3356","targetHints":{"allow":["GET"]}}],"collection":[{"href":"https:\/\/www.bacintl.com\/fr\/wp-json\/wp\/v2\/product"}],"about":[{"href":"https:\/\/www.bacintl.com\/fr\/wp-json\/wp\/v2\/types\/product"}],"wp:featuredmedia":[{"embeddable":true,"href":"https:\/\/www.bacintl.com\/fr\/wp-json\/wp\/v2\/media\/3851"}],"wp:attachment":[{"href":"https:\/\/www.bacintl.com\/fr\/wp-json\/wp\/v2\/media?parent=3356"}],"wp:term":[{"taxonomy":"product_brand","embeddable":true,"href":"https:\/\/www.bacintl.com\/fr\/wp-json\/wp\/v2\/product_brand?post=3356"},{"taxonomy":"product_cat","embeddable":true,"href":"https:\/\/www.bacintl.com\/fr\/wp-json\/wp\/v2\/product_cat?post=3356"},{"taxonomy":"product_tag","embeddable":true,"href":"https:\/\/www.bacintl.com\/fr\/wp-json\/wp\/v2\/product_tag?post=3356"}],"curies":[{"name":"wp","href":"https:\/\/api.w.org\/{rel}","templated":true}]}}