{"id":3353,"date":"2024-12-12T15:54:17","date_gmt":"2024-12-12T07:54:17","guid":{"rendered":"https:\/\/www.bacintl.com\/?post_type=product&#038;p=3353"},"modified":"2025-02-11T16:46:51","modified_gmt":"2025-02-11T08:46:51","slug":"dop-hepa-filter-with-hood","status":"publish","type":"product","link":"https:\/\/www.bacintl.com\/fr\/dop-hepa-filter-with-hood\/","title":{"rendered":"Filtre DOP HEPA avec capot"},"content":{"rendered":"<p>Le filtre HEPA DOP avec cagoule a la m\u00eame structure que le filtre HEPA ordinaire avec cagoule. Ils ont tous une bonne performance d'\u00e9tanch\u00e9it\u00e9 et une haute efficacit\u00e9. Le filtre HEPA DOP avec hotte est largement utilis\u00e9 dans les salles d'op\u00e9ration, les laboratoires, les salles pharmaceutiques, la micro\u00e9lectronique, l'\u00e9quipement de fibre optique, la transformation des aliments et d'autres domaines qui n\u00e9cessitent une grande propret\u00e9.<\/p>","protected":false},"excerpt":{"rendered":"<p>Le filtre HEPA DOP avec cagoule a la m\u00eame structure que le filtre HEPA ordinaire avec cagoule. Ils ont tous une bonne performance d'\u00e9tanch\u00e9it\u00e9 et une haute efficacit\u00e9. Le filtre HEPA DOP avec hotte est largement utilis\u00e9 dans les salles d'op\u00e9ration, les laboratoires, les salles pharmaceutiques, la micro\u00e9lectronique, l'\u00e9quipement de fibre optique, la transformation des aliments et d'autres domaines qui n\u00e9cessitent une grande propret\u00e9.<\/p>","protected":false},"featured_media":3847,"template":"","meta":{"_acf_changed":false},"product_brand":[],"product_cat":[57],"product_tag":[110],"class_list":{"0":"post-3353","1":"product","2":"type-product","3":"status-publish","4":"has-post-thumbnail","6":"product_cat-air-filter-with-hood","7":"product_tag-solution-new-energy","9":"first","10":"instock","11":"shipping-taxable","12":"product-type-simple"},"acf":[],"_links":{"self":[{"href":"https:\/\/www.bacintl.com\/fr\/wp-json\/wp\/v2\/product\/3353","targetHints":{"allow":["GET"]}}],"collection":[{"href":"https:\/\/www.bacintl.com\/fr\/wp-json\/wp\/v2\/product"}],"about":[{"href":"https:\/\/www.bacintl.com\/fr\/wp-json\/wp\/v2\/types\/product"}],"wp:featuredmedia":[{"embeddable":true,"href":"https:\/\/www.bacintl.com\/fr\/wp-json\/wp\/v2\/media\/3847"}],"wp:attachment":[{"href":"https:\/\/www.bacintl.com\/fr\/wp-json\/wp\/v2\/media?parent=3353"}],"wp:term":[{"taxonomy":"product_brand","embeddable":true,"href":"https:\/\/www.bacintl.com\/fr\/wp-json\/wp\/v2\/product_brand?post=3353"},{"taxonomy":"product_cat","embeddable":true,"href":"https:\/\/www.bacintl.com\/fr\/wp-json\/wp\/v2\/product_cat?post=3353"},{"taxonomy":"product_tag","embeddable":true,"href":"https:\/\/www.bacintl.com\/fr\/wp-json\/wp\/v2\/product_tag?post=3353"}],"curies":[{"name":"wp","href":"https:\/\/api.w.org\/{rel}","templated":true}]}}