{"id":3351,"date":"2024-12-12T15:53:06","date_gmt":"2024-12-12T07:53:06","guid":{"rendered":"https:\/\/www.bacintl.com\/?post_type=product&#038;p=3351"},"modified":"2025-07-24T13:35:23","modified_gmt":"2025-07-24T05:35:23","slug":"replaceable-hepa-filter-with-hood","status":"publish","type":"product","link":"https:\/\/www.bacintl.com\/fr\/replaceable-hepa-filter-with-hood\/","title":{"rendered":"Filtre HEPA rempla\u00e7able avec capot"},"content":{"rendered":"<p>Il pr\u00e9sente de bonnes performances d'\u00e9tanch\u00e9it\u00e9, est connect\u00e9 au conduit d'air, pr\u00e9sente de bonnes performances de filtrage et convient aux salles blanches laminaires ou non laminaires de la classe 10000 \u00e0 la classe 100. Il est largement utilis\u00e9 dans les salles d'op\u00e9ration, les laboratoires, les salles pharmaceutiques, les \u00e9quipements de micro\u00e9lectronique, de film et de fibre optique, les usines de transformation des aliments et d'autres environnements de travail avec des exigences \u00e9lev\u00e9es en mati\u00e8re de propret\u00e9.<\/p>","protected":false},"excerpt":{"rendered":"<p>Il est facile \u00e0 installer et \u00e0 remplacer efficacement. La ventilation est forte, l'apparence est belle, l'entretien est simple, l'investissement est faible, le poids est l\u00e9ger et l'\u00e9paisseur est faible.<\/p>","protected":false},"featured_media":3845,"template":"","meta":{"_acf_changed":false},"product_brand":[],"product_cat":[57],"product_tag":[102,105,110],"class_list":{"0":"post-3351","1":"product","2":"type-product","3":"status-publish","4":"has-post-thumbnail","6":"product_cat-air-filter-with-hood","7":"product_tag-home-air-filter","8":"product_tag-solution-biopharmaceuticals","9":"product_tag-solution-new-energy","11":"first","12":"instock","13":"shipping-taxable","14":"product-type-simple"},"acf":[],"_links":{"self":[{"href":"https:\/\/www.bacintl.com\/fr\/wp-json\/wp\/v2\/product\/3351","targetHints":{"allow":["GET"]}}],"collection":[{"href":"https:\/\/www.bacintl.com\/fr\/wp-json\/wp\/v2\/product"}],"about":[{"href":"https:\/\/www.bacintl.com\/fr\/wp-json\/wp\/v2\/types\/product"}],"wp:featuredmedia":[{"embeddable":true,"href":"https:\/\/www.bacintl.com\/fr\/wp-json\/wp\/v2\/media\/3845"}],"wp:attachment":[{"href":"https:\/\/www.bacintl.com\/fr\/wp-json\/wp\/v2\/media?parent=3351"}],"wp:term":[{"taxonomy":"product_brand","embeddable":true,"href":"https:\/\/www.bacintl.com\/fr\/wp-json\/wp\/v2\/product_brand?post=3351"},{"taxonomy":"product_cat","embeddable":true,"href":"https:\/\/www.bacintl.com\/fr\/wp-json\/wp\/v2\/product_cat?post=3351"},{"taxonomy":"product_tag","embeddable":true,"href":"https:\/\/www.bacintl.com\/fr\/wp-json\/wp\/v2\/product_tag?post=3351"}],"curies":[{"name":"wp","href":"https:\/\/api.w.org\/{rel}","templated":true}]}}