{"id":3349,"date":"2024-12-12T15:51:48","date_gmt":"2024-12-12T07:51:48","guid":{"rendered":"https:\/\/www.bacintl.com\/?post_type=product&#038;p=3349"},"modified":"2025-07-24T11:55:54","modified_gmt":"2025-07-24T03:55:54","slug":"disposable-hepa-filter-with-hood","status":"publish","type":"product","link":"https:\/\/www.bacintl.com\/fr\/disposable-hepa-filter-with-hood\/","title":{"rendered":"Filtre HEPA jetable avec capot"},"content":{"rendered":"<p>Le filtre HEPA jetable avec hotte est \u00e9galement appel\u00e9 unit\u00e9 d'alimentation en air jetable \u00e0 haute efficacit\u00e9 ou port d'alimentation en air jetable \u00e0 haute efficacit\u00e9. Il convient principalement aux industries \u00e9lectroniques, pharmaceutiques, des semi-conducteurs, de la micro\u00e9lectronique, etc. dont les niveaux de propret\u00e9 sont compris entre 10 000 et 100, et qui ont des exigences en mati\u00e8re de qualit\u00e9 de l'air. L'unit\u00e9 de filtration int\u00e9gr\u00e9e \u00e0 haute efficacit\u00e9 peut \u00eatre mont\u00e9e directement sur la quille en forme de T ou directement connect\u00e9e \u00e0 la carte de stockage, ce qui facilite l'installation. Un remplacement efficace peut \u00eatre effectu\u00e9 directement \u00e0 l'int\u00e9rieur.<\/p>\n<p>Sa plaque de fixation sp\u00e9ciale permet de remplacer le filtre directement depuis la pi\u00e8ce, ce qui est rapide \u00e0 installer et facile \u00e0 remplacer. Il convient \u00e0 tous les types de plafonds, de type T-BAR, de type plaque d'entrep\u00f4t, de type cadre en acier l\u00e9ger et de type panneau. La r\u00e9sistance initiale est faible ; par rapport \u00e0 la bo\u00eete de pression statique rempla\u00e7able, le co\u00fbt d'achat initial est faible et l'entretien est pratique.<\/p>","protected":false},"excerpt":{"rendered":"<p>Conception int\u00e9gr\u00e9e avec isolation et \u0153illets de levage, forte ventilation, bonne \u00e9tanch\u00e9it\u00e9, installation et remplacement faciles.<\/p>","protected":false},"featured_media":3840,"template":"","meta":{"_acf_changed":false},"product_brand":[],"product_cat":[57],"product_tag":[105],"class_list":{"0":"post-3349","1":"product","2":"type-product","3":"status-publish","4":"has-post-thumbnail","6":"product_cat-air-filter-with-hood","7":"product_tag-solution-biopharmaceuticals","9":"first","10":"instock","11":"shipping-taxable","12":"product-type-simple"},"acf":[],"_links":{"self":[{"href":"https:\/\/www.bacintl.com\/fr\/wp-json\/wp\/v2\/product\/3349","targetHints":{"allow":["GET"]}}],"collection":[{"href":"https:\/\/www.bacintl.com\/fr\/wp-json\/wp\/v2\/product"}],"about":[{"href":"https:\/\/www.bacintl.com\/fr\/wp-json\/wp\/v2\/types\/product"}],"wp:featuredmedia":[{"embeddable":true,"href":"https:\/\/www.bacintl.com\/fr\/wp-json\/wp\/v2\/media\/3840"}],"wp:attachment":[{"href":"https:\/\/www.bacintl.com\/fr\/wp-json\/wp\/v2\/media?parent=3349"}],"wp:term":[{"taxonomy":"product_brand","embeddable":true,"href":"https:\/\/www.bacintl.com\/fr\/wp-json\/wp\/v2\/product_brand?post=3349"},{"taxonomy":"product_cat","embeddable":true,"href":"https:\/\/www.bacintl.com\/fr\/wp-json\/wp\/v2\/product_cat?post=3349"},{"taxonomy":"product_tag","embeddable":true,"href":"https:\/\/www.bacintl.com\/fr\/wp-json\/wp\/v2\/product_tag?post=3349"}],"curies":[{"name":"wp","href":"https:\/\/api.w.org\/{rel}","templated":true}]}}