{"id":3345,"date":"2024-12-12T15:50:45","date_gmt":"2024-12-12T07:50:45","guid":{"rendered":"https:\/\/www.bacintl.com\/?post_type=product&#038;p=3345"},"modified":"2025-07-24T13:46:31","modified_gmt":"2025-07-24T05:46:31","slug":"v-bank-filter-with-plastic-frame","status":"publish","type":"product","link":"https:\/\/www.bacintl.com\/fr\/v-bank-filter-with-plastic-frame\/","title":{"rendered":"Filtre en V avec cadre en plastique"},"content":{"rendered":"<p>Il est \u00e9galement appel\u00e9 filtre \u00e0 poussi\u00e8re de type W. Il est g\u00e9n\u00e9ralement fabriqu\u00e9 en fibre de verre ultrafine r\u00e9sistante \u00e0 l'humidit\u00e9 ou en mat\u00e9riau PP, et convient aux syst\u00e8mes de climatisation \u00e0 d\u00e9bit d'air constant ou variable. L'adh\u00e9sif thermoplastique assure des plis \u00e9quidistants, garantissant que le flux d'air passe avec une r\u00e9sistance minimale, tout en assurant une plus grande capacit\u00e9 de r\u00e9tention de la poussi\u00e8re, r\u00e9duisant ainsi la consommation d'\u00e9nergie et les co\u00fbts d'exploitation. Le filtre combin\u00e9 \u00e0 moyenne efficacit\u00e9 a une structure compacte, ce qui r\u00e9duit consid\u00e9rablement le poids du filtre lui-m\u00eame et facilite son installation. La conception du filet de protection m\u00e9tallique double face r\u00e9duit \u00e9galement consid\u00e9rablement les risques d'endommagement lors de l'installation et du transport.<\/p>","protected":false},"excerpt":{"rendered":"<p>Il est tr\u00e8s r\u00e9sistant et peut supporter un grand volume d'air. Il est g\u00e9n\u00e9ralement utilis\u00e9 \u00e0 l'avant des filtres \u00e0 haute efficacit\u00e9 pour filtrer les particules de poussi\u00e8re de 1 \u00e0 5um. Il pr\u00e9sente les avantages d'une faible r\u00e9sistance et d'un grand volume d'air.<\/p>","protected":false},"featured_media":3834,"template":"","meta":{"_acf_changed":false},"product_brand":[],"product_cat":[56],"product_tag":[112,111,108],"class_list":{"0":"post-3345","1":"product","2":"type-product","3":"status-publish","4":"has-post-thumbnail","6":"product_cat-v-bank-filter-with-metal-frame","7":"product_tag-solution-animal-husbandry","8":"product_tag-solution-food-beverage","9":"product_tag-solution-microelectronics","11":"first","12":"instock","13":"shipping-taxable","14":"product-type-simple"},"acf":[],"_links":{"self":[{"href":"https:\/\/www.bacintl.com\/fr\/wp-json\/wp\/v2\/product\/3345","targetHints":{"allow":["GET"]}}],"collection":[{"href":"https:\/\/www.bacintl.com\/fr\/wp-json\/wp\/v2\/product"}],"about":[{"href":"https:\/\/www.bacintl.com\/fr\/wp-json\/wp\/v2\/types\/product"}],"wp:featuredmedia":[{"embeddable":true,"href":"https:\/\/www.bacintl.com\/fr\/wp-json\/wp\/v2\/media\/3834"}],"wp:attachment":[{"href":"https:\/\/www.bacintl.com\/fr\/wp-json\/wp\/v2\/media?parent=3345"}],"wp:term":[{"taxonomy":"product_brand","embeddable":true,"href":"https:\/\/www.bacintl.com\/fr\/wp-json\/wp\/v2\/product_brand?post=3345"},{"taxonomy":"product_cat","embeddable":true,"href":"https:\/\/www.bacintl.com\/fr\/wp-json\/wp\/v2\/product_cat?post=3345"},{"taxonomy":"product_tag","embeddable":true,"href":"https:\/\/www.bacintl.com\/fr\/wp-json\/wp\/v2\/product_tag?post=3345"}],"curies":[{"name":"wp","href":"https:\/\/api.w.org\/{rel}","templated":true}]}}