{"id":3343,"date":"2024-12-12T15:49:50","date_gmt":"2024-12-12T07:49:50","guid":{"rendered":"https:\/\/www.bacintl.com\/?post_type=product&#038;p=3343"},"modified":"2025-07-24T13:48:08","modified_gmt":"2025-07-24T05:48:08","slug":"v-bank-filter-with-stainless-steel-frame","status":"publish","type":"product","link":"https:\/\/www.bacintl.com\/fr\/v-bank-filter-with-stainless-steel-frame\/","title":{"rendered":"Filtre en V avec cadre en acier inoxydable"},"content":{"rendered":"<p>Le filtre en V a non seulement une plus grande surface que les filtres \u00e0 poches, mais aussi des vents plus importants avec une r\u00e9sistance plus faible. Il est largement utilis\u00e9 dans la filtration finale des syst\u00e8mes de conditionnement d'air et dans la filtration pr\u00e9paratoire des salles blanches en raison de sa grande capacit\u00e9 de r\u00e9tention des poussi\u00e8res.<\/p>\n<p>Le filtre en V avec cadre en acier inoxydable est recouvert d'une grille m\u00e9tallique qui peut \u00eatre plac\u00e9e devant le filtre HEPA, ce qui contribue grandement \u00e0 \u00e9liminer les dommages.<\/p>","protected":false},"excerpt":{"rendered":"<p>Le filtre en V offre une filtration plus efficace tout en consommant moins d'\u00e9nergie. Avec le style V.<\/p>","protected":false},"featured_media":3824,"template":"","meta":{"_acf_changed":false},"product_brand":[],"product_cat":[56],"product_tag":[112,110],"class_list":{"0":"post-3343","1":"product","2":"type-product","3":"status-publish","4":"has-post-thumbnail","6":"product_cat-v-bank-filter-with-metal-frame","7":"product_tag-solution-animal-husbandry","8":"product_tag-solution-new-energy","10":"first","11":"instock","12":"shipping-taxable","13":"product-type-simple"},"acf":[],"_links":{"self":[{"href":"https:\/\/www.bacintl.com\/fr\/wp-json\/wp\/v2\/product\/3343","targetHints":{"allow":["GET"]}}],"collection":[{"href":"https:\/\/www.bacintl.com\/fr\/wp-json\/wp\/v2\/product"}],"about":[{"href":"https:\/\/www.bacintl.com\/fr\/wp-json\/wp\/v2\/types\/product"}],"wp:featuredmedia":[{"embeddable":true,"href":"https:\/\/www.bacintl.com\/fr\/wp-json\/wp\/v2\/media\/3824"}],"wp:attachment":[{"href":"https:\/\/www.bacintl.com\/fr\/wp-json\/wp\/v2\/media?parent=3343"}],"wp:term":[{"taxonomy":"product_brand","embeddable":true,"href":"https:\/\/www.bacintl.com\/fr\/wp-json\/wp\/v2\/product_brand?post=3343"},{"taxonomy":"product_cat","embeddable":true,"href":"https:\/\/www.bacintl.com\/fr\/wp-json\/wp\/v2\/product_cat?post=3343"},{"taxonomy":"product_tag","embeddable":true,"href":"https:\/\/www.bacintl.com\/fr\/wp-json\/wp\/v2\/product_tag?post=3343"}],"curies":[{"name":"wp","href":"https:\/\/api.w.org\/{rel}","templated":true}]}}